{"id":32835,"date":"2026-04-17T00:46:37","date_gmt":"2026-04-17T00:46:37","guid":{"rendered":"https:\/\/singuli.wpress.me\/index.php\/proizvod\/oral-b-pro-expert-clinic-line-zubni-konac-25m\/"},"modified":"2026-04-20T12:33:09","modified_gmt":"2026-04-20T12:33:09","slug":"oral-b-pro-expert-clinic-line-zubni-konac-25m","status":"publish","type":"product","link":"https:\/\/singuli.wpress.me\/index.php\/proizvod\/oral-b-pro-expert-clinic-line-zubni-konac-25m\/","title":{"rendered":"ORAL-B Pro-Expert Clinic Line, zubni konac, 25m"},"content":{"rendered":"<p>Zubni konac Oral-B Pro-Expert Clinic Line Floss lako klizi izme\u0111u zuba i poma\u017ee u prevenciji problema s desnima, ostavljaju\u0107i svje\u017e okus mentola u va\u0161im ustima. <\/p>\n<p>Oral-B, marka zubnih \u010detkica br. 1, koju koristi najvi\u0161e stomatologa diljem svijeta<\/p>\n<p>Upute za upotrebu: Namotajte 5 centimetara zubnog konca oko srednjih prstiju. Nje\u017eno provucite zubni konac izme\u0111u zuba do linije desni. Savijte zubnikonac tako da obuhvati \u0161to ve\u0107u povr\u0161inu zuba. Nje\u017eno pomi\u010dite zubni konac gore-dolje. Odmotajte nov komad zubnog konca za svakizub. Kada se upotrebljava ujutro ili nave\u010der nakon pranja zuba, zubni konac Oral-B poma\u017ee va\u0161e desni i zube odr\u017eati zdravima.<\/p>\n","protected":false},"excerpt":{"rendered":"<p>Zubni konac za osjetljive zube i desni<br \/>\nPoma\u017ee sprije\u010diti probleme s desnima<br \/>\nLako klizi, nje\u017ean za prste i desni<\/p>\n","protected":false},"featured_media":32836,"template":"","meta":{"_seopress_robots_primary_cat":"","_seopress_titles_title":"","_seopress_titles_desc":"","_seopress_robots_index":"","iawp_total_views":0},"product_brand":[423],"product_cat":[268,309],"product_tag":[],"class_list":{"0":"post-32835","1":"product","2":"type-product","3":"status-publish","4":"has-post-thumbnail","6":"product_brand-oral-b-2","7":"product_cat-kozmetika-2","8":"product_cat-oralna-higijena-268","10":"first","11":"outofstock","12":"shipping-taxable","13":"purchasable","14":"product-type-simple"},"_links":{"self":[{"href":"https:\/\/singuli.wpress.me\/index.php\/wp-json\/wp\/v2\/product\/32835","targetHints":{"allow":["GET"]}}],"collection":[{"href":"https:\/\/singuli.wpress.me\/index.php\/wp-json\/wp\/v2\/product"}],"about":[{"href":"https:\/\/singuli.wpress.me\/index.php\/wp-json\/wp\/v2\/types\/product"}],"version-history":[{"count":0,"href":"https:\/\/singuli.wpress.me\/index.php\/wp-json\/wp\/v2\/product\/32835\/revisions"}],"wp:featuredmedia":[{"embeddable":true,"href":"https:\/\/singuli.wpress.me\/index.php\/wp-json\/wp\/v2\/media\/32836"}],"wp:attachment":[{"href":"https:\/\/singuli.wpress.me\/index.php\/wp-json\/wp\/v2\/media?parent=32835"}],"wp:term":[{"taxonomy":"product_brand","embeddable":true,"href":"https:\/\/singuli.wpress.me\/index.php\/wp-json\/wp\/v2\/product_brand?post=32835"},{"taxonomy":"product_cat","embeddable":true,"href":"https:\/\/singuli.wpress.me\/index.php\/wp-json\/wp\/v2\/product_cat?post=32835"},{"taxonomy":"product_tag","embeddable":true,"href":"https:\/\/singuli.wpress.me\/index.php\/wp-json\/wp\/v2\/product_tag?post=32835"}],"curies":[{"name":"wp","href":"https:\/\/api.w.org\/{rel}","templated":true}]}}