{"id":32840,"date":"2026-04-17T00:46:40","date_gmt":"2026-04-17T00:46:40","guid":{"rendered":"https:\/\/singuli.wpress.me\/index.php\/proizvod\/karlovacko-natur-radler-pivo-0-5-l\/"},"modified":"2026-04-20T12:33:09","modified_gmt":"2026-04-20T12:33:09","slug":"karlovacko-natur-radler-pivo-0-5-l","status":"publish","type":"product","link":"https:\/\/singuli.wpress.me\/index.php\/proizvod\/karlovacko-natur-radler-pivo-0-5-l\/","title":{"rendered":"KARLOVA\u010cKO Natur Radler, pivo, 0.5\u00a0l"},"content":{"rendered":"<p>Mje\u0161avina svijetlog lager piva i osvje\u017eavaju\u0107eg bezalkoholnog pi\u0107a od limunovog soka. Vo\u0107ni udio: 5,0%, Ekstrakt u osnovnoj sladovini: 8,5%. Pasterizirano.<\/p>\n","protected":false},"excerpt":{"rendered":"<p>Mje\u0161avina svijetlog lager piva i bezalkoholnog pi\u0107a od limunovog soka<br \/>\nAlkohol: 2,0% vol.<br \/>\n\u010cuvati na suhom i hladnom mjestu<\/p>\n","protected":false},"featured_media":32841,"template":"","meta":{"_seopress_robots_primary_cat":"","_seopress_titles_title":"","_seopress_titles_desc":"","_seopress_robots_index":"","iawp_total_views":0},"product_brand":[526],"product_cat":[243,276],"product_tag":[],"class_list":{"0":"post-32840","1":"product","2":"type-product","3":"status-publish","4":"has-post-thumbnail","6":"product_brand-karlovacko","7":"product_cat-automobili-i-motori","8":"product_cat-industrijska-i-specijalna-ulja-243","10":"first","11":"outofstock","12":"shipping-taxable","13":"purchasable","14":"product-type-simple"},"_links":{"self":[{"href":"https:\/\/singuli.wpress.me\/index.php\/wp-json\/wp\/v2\/product\/32840","targetHints":{"allow":["GET"]}}],"collection":[{"href":"https:\/\/singuli.wpress.me\/index.php\/wp-json\/wp\/v2\/product"}],"about":[{"href":"https:\/\/singuli.wpress.me\/index.php\/wp-json\/wp\/v2\/types\/product"}],"version-history":[{"count":0,"href":"https:\/\/singuli.wpress.me\/index.php\/wp-json\/wp\/v2\/product\/32840\/revisions"}],"wp:featuredmedia":[{"embeddable":true,"href":"https:\/\/singuli.wpress.me\/index.php\/wp-json\/wp\/v2\/media\/32841"}],"wp:attachment":[{"href":"https:\/\/singuli.wpress.me\/index.php\/wp-json\/wp\/v2\/media?parent=32840"}],"wp:term":[{"taxonomy":"product_brand","embeddable":true,"href":"https:\/\/singuli.wpress.me\/index.php\/wp-json\/wp\/v2\/product_brand?post=32840"},{"taxonomy":"product_cat","embeddable":true,"href":"https:\/\/singuli.wpress.me\/index.php\/wp-json\/wp\/v2\/product_cat?post=32840"},{"taxonomy":"product_tag","embeddable":true,"href":"https:\/\/singuli.wpress.me\/index.php\/wp-json\/wp\/v2\/product_tag?post=32840"}],"curies":[{"name":"wp","href":"https:\/\/api.w.org\/{rel}","templated":true}]}}