{"id":32853,"date":"2026-04-17T00:46:53","date_gmt":"2026-04-17T00:46:53","guid":{"rendered":"https:\/\/singuli.wpress.me\/index.php\/proizvod\/old-spice-deep-sea-gel-za-tusiranje-i-sampon-1000-ml\/"},"modified":"2026-04-20T12:33:09","modified_gmt":"2026-04-20T12:33:09","slug":"old-spice-deep-sea-gel-za-tusiranje-i-sampon-1000-ml","status":"publish","type":"product","link":"https:\/\/singuli.wpress.me\/index.php\/proizvod\/old-spice-deep-sea-gel-za-tusiranje-i-sampon-1000-ml\/","title":{"rendered":"OLD SPICE Deep Sea, gel za tu\u0161iranje i \u0161ampon, 1000\u00a0ml"},"content":{"rendered":"<p>U\u017eivaj u nezaboravnoj dugotrajnoj svje\u017eini i fantamirisnom samopouzdanju uz <span style=\"font-weight: bold\">\u0161ampon i gel za tu\u0161iranje Old Spice za mu\u0161karce<\/span>. S formulom za dubinsko \u010di\u0161\u0107enje i mirisima parfemske kvalitete uklanja prljav\u0161tinu i neugodne mirise, a ti ostaje\u0161 svje\u017e i \u010dist. Ova vi\u0161enamjenska formula 3-u-1 djeluje na kosu, lice i tijelo te \u010dini tvoju ko\u017eu neodoljivo glatkom, tako da se mo\u017ee\u0161 usredoto\u010diti na ambicioznije pothvate poput sklapanja poslova ili podu\u010davanja dupina ljudskom govoru. Isprobaj Old Spice Deep Sea s mirisom parfemske kvalitete i zaroni u svje\u017einu! Ovaj svje\u017e miris morskog povjetarca, rascvjetanog cvije\u0107a i so\u010dnih citrusa odvest \u0107e te u podvodni raj, gdje miri\u0161e\u0161 toliko dobro da ti i ribe zavide<\/p>\n","protected":false},"excerpt":{"rendered":"<p>Dugotrajna svje\u017eina i miris parfemske kvalitete<br \/>\nSvje\u017e miris morskog povjetarca, rascvjetanog cvije\u0107a i so\u010dnih citrusa<br \/>\nGel za tu\u0161iranje dubinski \u010disti i ispire neugodne mirise te osvje\u017eava tijelo i kosu<\/p>\n","protected":false},"featured_media":32854,"template":"","meta":{"_seopress_robots_primary_cat":"","_seopress_titles_title":"","_seopress_titles_desc":"","_seopress_robots_index":"","iawp_total_views":0},"product_brand":[448],"product_cat":[268,278],"product_tag":[],"class_list":{"0":"post-32853","1":"product","2":"type-product","3":"status-publish","4":"has-post-thumbnail","6":"product_brand-old-spice","7":"product_cat-kozmetika-2","8":"product_cat-njega-tijela-268","10":"first","11":"instock","12":"shipping-taxable","13":"purchasable","14":"product-type-simple"},"_links":{"self":[{"href":"https:\/\/singuli.wpress.me\/index.php\/wp-json\/wp\/v2\/product\/32853","targetHints":{"allow":["GET"]}}],"collection":[{"href":"https:\/\/singuli.wpress.me\/index.php\/wp-json\/wp\/v2\/product"}],"about":[{"href":"https:\/\/singuli.wpress.me\/index.php\/wp-json\/wp\/v2\/types\/product"}],"version-history":[{"count":0,"href":"https:\/\/singuli.wpress.me\/index.php\/wp-json\/wp\/v2\/product\/32853\/revisions"}],"wp:featuredmedia":[{"embeddable":true,"href":"https:\/\/singuli.wpress.me\/index.php\/wp-json\/wp\/v2\/media\/32854"}],"wp:attachment":[{"href":"https:\/\/singuli.wpress.me\/index.php\/wp-json\/wp\/v2\/media?parent=32853"}],"wp:term":[{"taxonomy":"product_brand","embeddable":true,"href":"https:\/\/singuli.wpress.me\/index.php\/wp-json\/wp\/v2\/product_brand?post=32853"},{"taxonomy":"product_cat","embeddable":true,"href":"https:\/\/singuli.wpress.me\/index.php\/wp-json\/wp\/v2\/product_cat?post=32853"},{"taxonomy":"product_tag","embeddable":true,"href":"https:\/\/singuli.wpress.me\/index.php\/wp-json\/wp\/v2\/product_tag?post=32853"}],"curies":[{"name":"wp","href":"https:\/\/api.w.org\/{rel}","templated":true}]}}