{"id":32870,"date":"2026-04-17T00:47:12","date_gmt":"2026-04-17T00:47:12","guid":{"rendered":"https:\/\/singuli.wpress.me\/index.php\/proizvod\/kookyloos-jednorog-i-lutkica\/"},"modified":"2026-04-21T00:26:39","modified_gmt":"2026-04-21T00:26:39","slug":"kookyloos-jednorog-i-lutkica","status":"publish","type":"product","link":"https:\/\/singuli.wpress.me\/index.php\/proizvod\/kookyloos-jednorog-i-lutkica\/","title":{"rendered":"KOOKYLOOS, jednorog i lutkica"},"content":{"rendered":"<p><span style=\"font-weight: bold\">Kookyloos lutkica i njen jednorog<\/span>! Vjeruje\u0161 li u jednoroge? U svijetu Kookyloosa sve je mogu\u0107e &#8211; budis premna na mnoge avanture uz ovu posebnu lutkicu i njenog jednoraga. 3+ <\/p>\n","protected":false},"excerpt":{"rendered":"<p>Lutkica dolazi s preslatkim jednorogom za beskrajnu igru<br \/>\nPoti\u010de kreativnost, ma\u0161tu i razvoj socijalnih vje\u0161tina kroz igru uloga<br \/>\nDob: 3+ god<\/p>\n","protected":false},"featured_media":32871,"template":"","meta":{"_seopress_robots_primary_cat":"","_seopress_titles_title":"","_seopress_titles_desc":"","_seopress_robots_index":"","iawp_total_views":0},"product_brand":[533],"product_cat":[221,291],"product_tag":[],"class_list":{"0":"post-32870","1":"product","2":"type-product","3":"status-publish","4":"has-post-thumbnail","6":"product_brand-kookyloos","7":"product_cat-igracke","8":"product_cat-igracke-za-djecu-221","10":"first","11":"outofstock","12":"shipping-taxable","13":"purchasable","14":"product-type-simple"},"_links":{"self":[{"href":"https:\/\/singuli.wpress.me\/index.php\/wp-json\/wp\/v2\/product\/32870","targetHints":{"allow":["GET"]}}],"collection":[{"href":"https:\/\/singuli.wpress.me\/index.php\/wp-json\/wp\/v2\/product"}],"about":[{"href":"https:\/\/singuli.wpress.me\/index.php\/wp-json\/wp\/v2\/types\/product"}],"version-history":[{"count":0,"href":"https:\/\/singuli.wpress.me\/index.php\/wp-json\/wp\/v2\/product\/32870\/revisions"}],"wp:featuredmedia":[{"embeddable":true,"href":"https:\/\/singuli.wpress.me\/index.php\/wp-json\/wp\/v2\/media\/32871"}],"wp:attachment":[{"href":"https:\/\/singuli.wpress.me\/index.php\/wp-json\/wp\/v2\/media?parent=32870"}],"wp:term":[{"taxonomy":"product_brand","embeddable":true,"href":"https:\/\/singuli.wpress.me\/index.php\/wp-json\/wp\/v2\/product_brand?post=32870"},{"taxonomy":"product_cat","embeddable":true,"href":"https:\/\/singuli.wpress.me\/index.php\/wp-json\/wp\/v2\/product_cat?post=32870"},{"taxonomy":"product_tag","embeddable":true,"href":"https:\/\/singuli.wpress.me\/index.php\/wp-json\/wp\/v2\/product_tag?post=32870"}],"curies":[{"name":"wp","href":"https:\/\/api.w.org\/{rel}","templated":true}]}}