{"id":32886,"date":"2026-04-17T00:47:23","date_gmt":"2026-04-17T00:47:23","guid":{"rendered":"https:\/\/singuli.wpress.me\/index.php\/proizvod\/paclan-vrece-za-smece-35-l\/"},"modified":"2026-04-21T00:26:39","modified_gmt":"2026-04-21T00:26:39","slug":"paclan-vrece-za-smece-35-l","status":"publish","type":"product","link":"https:\/\/singuli.wpress.me\/index.php\/proizvod\/paclan-vrece-za-smece-35-l\/","title":{"rendered":"PACLAN, vre\u0107e za sme\u0107e, 35\u00a0l"},"content":{"rendered":"<p>Vjerojatno poznajete onaj osje\u0107aj kada iznosite sme\u0107e, a neugodan miris vas prati. I nadate se da ne\u0107ete sresti nijednog susjeda, ali naravno \u2013 ba\u0161 tada cijela obitelj izlazi iz stana? Zahvaljuju\u0107i na\u0161im mirisnim vre\u0107icama za sme\u0107e, mo\u017eete izbje\u0107i takve situacije i po\u0161tedjeti se najneugodnijih mirisa otpada. Mirisne vre\u0107ice s trakicom za zatvaranje jednostavne su za vezanje, \u010dvrste i prostrane, pa je izno\u0161enje sme\u0107a znatno ugodnije.<\/p>\n","protected":false},"excerpt":{"rendered":"<p>14 komada u pakiranju<br \/>\nVre\u0107ice imaju blag miris koji neutralizira neugodne mirise otpada<br \/>\nTrakica za zatvaranje omogu\u0107uje lako i higijensko vezanje i no\u0161enje vre\u0107ice bez prolijevanja otpada<\/p>\n","protected":false},"featured_media":32887,"template":"","meta":{"_seopress_robots_primary_cat":"","_seopress_titles_title":"","_seopress_titles_desc":"","_seopress_robots_index":"","iawp_total_views":0},"product_brand":[474],"product_cat":[274,238],"product_tag":[],"class_list":{"0":"post-32886","1":"product","2":"type-product","3":"status-publish","4":"has-post-thumbnail","6":"product_brand-paclan","7":"product_cat-kucanski-pribor-238","8":"product_cat-sve-za-dom","10":"first","11":"instock","12":"shipping-taxable","13":"purchasable","14":"product-type-simple"},"_links":{"self":[{"href":"https:\/\/singuli.wpress.me\/index.php\/wp-json\/wp\/v2\/product\/32886","targetHints":{"allow":["GET"]}}],"collection":[{"href":"https:\/\/singuli.wpress.me\/index.php\/wp-json\/wp\/v2\/product"}],"about":[{"href":"https:\/\/singuli.wpress.me\/index.php\/wp-json\/wp\/v2\/types\/product"}],"version-history":[{"count":0,"href":"https:\/\/singuli.wpress.me\/index.php\/wp-json\/wp\/v2\/product\/32886\/revisions"}],"wp:featuredmedia":[{"embeddable":true,"href":"https:\/\/singuli.wpress.me\/index.php\/wp-json\/wp\/v2\/media\/32887"}],"wp:attachment":[{"href":"https:\/\/singuli.wpress.me\/index.php\/wp-json\/wp\/v2\/media?parent=32886"}],"wp:term":[{"taxonomy":"product_brand","embeddable":true,"href":"https:\/\/singuli.wpress.me\/index.php\/wp-json\/wp\/v2\/product_brand?post=32886"},{"taxonomy":"product_cat","embeddable":true,"href":"https:\/\/singuli.wpress.me\/index.php\/wp-json\/wp\/v2\/product_cat?post=32886"},{"taxonomy":"product_tag","embeddable":true,"href":"https:\/\/singuli.wpress.me\/index.php\/wp-json\/wp\/v2\/product_tag?post=32886"}],"curies":[{"name":"wp","href":"https:\/\/api.w.org\/{rel}","templated":true}]}}