{"id":32904,"date":"2026-04-17T00:47:43","date_gmt":"2026-04-17T00:47:43","guid":{"rendered":"https:\/\/singuli.wpress.me\/index.php\/proizvod\/laica-kuhalo-s-filterom\/"},"modified":"2026-04-20T12:33:10","modified_gmt":"2026-04-20T12:33:10","slug":"laica-kuhalo-s-filterom","status":"publish","type":"product","link":"https:\/\/singuli.wpress.me\/index.php\/proizvod\/laica-kuhalo-s-filterom\/","title":{"rendered":"LAICA, kuhalo s filterom"},"content":{"rendered":"<p>LAICA kuhalo s filterom idealno je rje\u0161enje za pripremu \u010diste i zdrave vode za va\u0161a omiljena pi\u0107a. Opremljeno integriranim sustavom filtracije, ovo kuhalo osigurava da svaka kap vode prolazi kroz napredni filter koji uklanja ne\u010disto\u0107e, kamenac i klor, pobolj\u0161avaju\u0107i okus i kvalitetu vode. Kapacitet kuhala je idealan za svakodnevnu upotrebu, a elegantan dizajn savr\u0161eno se uklapa u svaku kuhinju. S Laica kuhalom s filterom mo\u017eete biti sigurni da \u0107e va\u0161a kava, \u010daj ili bilo koje drugo pi\u0107e biti pripremljeno s \u010distom i filtriranom vodom.<\/p>\n<p>Karakteristike:<br \/>\n\u2022 Evolucija kuhala za vodu<br \/>\n\u2022 Kuhalo s funkcijom za jednu \u0161alicu  <br \/>\n\u2022 Volumen i doziranje fleksibilni  <br \/>\n\u2022 Doziranje prve \u0161alice za &lt;60 sekundi  <br \/>\n\u2022 \u0160tedi energiju &#8211; kuhaj samo ono \u0161to ti treba  <br \/>\n\u2022 Automatsko doziranje bez potrebe za izlijevanjem<\/p>\n<p>Dodatne zna\u010dajke:<br \/>\n\u2022 Veli\u010dina &#8211; Neto te\u017eina (uklju\u010duju\u0107i pribor): 24,5 x 21,2 x 26,6 cm \u2013 1,65 kg  <br \/>\n\u2022 Kapacitet: Min. 0,75 L \u2013 Max 1,5 L  <br \/>\n\u2022 Kapacitet za doziranje jedne \u0161alice: 150 \u2013 250 ml  <br \/>\n\u2022 Termi\u010dka za\u0161tita: Dostupna  <br \/>\n\u2022 Napajanje i snaga: 220-240V 50\/60Hz \u2013 2,4 kW<\/p>\n<p>Komponente proizvoda :<br \/>\n\u2022 Kuhalo 1 kom<br \/>\n\u2022 Baza za napajanje 1 kom  <br \/>\n\u2022 Posuda za kapljice 1  kom<br \/>\n\u2022 Upute za uporabu 1 kom<\/p>\n","protected":false},"excerpt":{"rendered":"<p>Kuhalo s funkcijom za jednu \u0161alicu<br \/>\nDoziranje prve \u0161alice za &lt;60 sekundi<br \/>\nAutomatsko doziranje bez potrebe za izlijevanjem<\/p>\n","protected":false},"featured_media":32905,"template":"","meta":{"_seopress_robots_primary_cat":"","_seopress_titles_title":"","_seopress_titles_desc":"","_seopress_robots_index":"","iawp_total_views":0},"product_brand":[148],"product_cat":[266,265,160],"product_tag":[],"class_list":{"0":"post-32904","1":"product","2":"type-product","3":"status-publish","4":"has-post-thumbnail","6":"product_brand-laica","7":"product_cat-aparati-za-kuhanje-265","8":"product_cat-kuhinjski-aparati-160","9":"product_cat-mali-kucanski-aparati","11":"first","12":"instock","13":"shipping-taxable","14":"purchasable","15":"product-type-simple"},"_links":{"self":[{"href":"https:\/\/singuli.wpress.me\/index.php\/wp-json\/wp\/v2\/product\/32904","targetHints":{"allow":["GET"]}}],"collection":[{"href":"https:\/\/singuli.wpress.me\/index.php\/wp-json\/wp\/v2\/product"}],"about":[{"href":"https:\/\/singuli.wpress.me\/index.php\/wp-json\/wp\/v2\/types\/product"}],"version-history":[{"count":0,"href":"https:\/\/singuli.wpress.me\/index.php\/wp-json\/wp\/v2\/product\/32904\/revisions"}],"wp:featuredmedia":[{"embeddable":true,"href":"https:\/\/singuli.wpress.me\/index.php\/wp-json\/wp\/v2\/media\/32905"}],"wp:attachment":[{"href":"https:\/\/singuli.wpress.me\/index.php\/wp-json\/wp\/v2\/media?parent=32904"}],"wp:term":[{"taxonomy":"product_brand","embeddable":true,"href":"https:\/\/singuli.wpress.me\/index.php\/wp-json\/wp\/v2\/product_brand?post=32904"},{"taxonomy":"product_cat","embeddable":true,"href":"https:\/\/singuli.wpress.me\/index.php\/wp-json\/wp\/v2\/product_cat?post=32904"},{"taxonomy":"product_tag","embeddable":true,"href":"https:\/\/singuli.wpress.me\/index.php\/wp-json\/wp\/v2\/product_tag?post=32904"}],"curies":[{"name":"wp","href":"https:\/\/api.w.org\/{rel}","templated":true}]}}