{"id":32914,"date":"2026-04-17T00:47:50","date_gmt":"2026-04-17T00:47:50","guid":{"rendered":"https:\/\/singuli.wpress.me\/index.php\/proizvod\/laica-fresh-line-vrc-filter\/"},"modified":"2026-04-20T12:33:10","modified_gmt":"2026-04-20T12:33:10","slug":"laica-fresh-line-vrc-filter","status":"publish","type":"product","link":"https:\/\/singuli.wpress.me\/index.php\/proizvod\/laica-fresh-line-vrc-filter\/","title":{"rendered":"LAICA Fresh Line, vr\u010d + filter"},"content":{"rendered":"<p>Laica filter vr\u010devi, dostupni su u razli\u010ditim oblicima, lako se koriste i kombiniraju kvalitetu, funkcionalnost i dizajn kako bi unijeli radost i svje\u017einu na va\u0161 stol.<\/p>\n<p>Karakteristike:<br \/>\n\u2022 1 mjesec \u010diste vode &#8211; s jednim multi-flux\u00ae filterom mo\u017eete filtrirati 150L vode<br \/>\n\u2022 Prakti\u010dno i lako za kori\u0161tenje &#8211; hidratizirajte se udobno kod ku\u0107e ili gdje god \u017eelite, bez neugodnosti.<br \/>\n\u2022 Ekonomi\u010dno &#8211; filtrirana voda s Laica vr\u010devima i filterom ko\u0161ta samo nekoliko centi po litri<br \/>\n\u2022 Okus &#8211; okus hrane i pi\u0107a pripremljenih s filtriranom vodom znatno se pobolj\u0161ava<br \/>\n\u2022 Po\u0161tivanje okoli\u0161a &#8211; zahvaljuju\u0107i filter vr\u010du, mo\u017eete zna\u010dajno smanjiti koli\u010dinu jednokratnih plasti\u010dnih boca<\/p>\n<p>Dodatne zna\u010dajke:<br \/>\n\u2022 Talijanski dizajn &#8211; 100% Proizvedeno u Italiji<br \/>\n\u2022 Multi-flux\u00ae filter \u010duva mineralne soli korisne za tijelo koje su prirodno prisutne u vodi iz slavine.<\/p>\n<p>Smanjuje*:<br \/>\n\u2022 Te\u0161ke metale<br \/>\n\u2022 Klor<br \/>\n\u2022 Trihalometane<br \/>\n \u2022 Neke pesticide i klorirane herbicide<br \/>\n(* ako su prisutni u vodi iz slavine)<\/p>\n","protected":false},"excerpt":{"rendered":"<p>S jednim bi-flux\u00ae filterom mo\u017eete filtrirati 150L vode<br \/>\nPrakti\u010dno i lako za kori\u0161tenje<br \/>\nOkus hrane i pi\u0107a pripremljenih s filtriranom vodom znatno se pobolj\u0161ava<\/p>\n","protected":false},"featured_media":32915,"template":"","meta":{"_seopress_robots_primary_cat":"","_seopress_titles_title":"","_seopress_titles_desc":"","_seopress_robots_index":"","iawp_total_views":0},"product_brand":[148],"product_cat":[274,238],"product_tag":[],"class_list":{"0":"post-32914","1":"product","2":"type-product","3":"status-publish","4":"has-post-thumbnail","6":"product_brand-laica","7":"product_cat-kucanski-pribor-238","8":"product_cat-sve-za-dom","10":"first","11":"instock","12":"shipping-taxable","13":"purchasable","14":"product-type-simple"},"_links":{"self":[{"href":"https:\/\/singuli.wpress.me\/index.php\/wp-json\/wp\/v2\/product\/32914","targetHints":{"allow":["GET"]}}],"collection":[{"href":"https:\/\/singuli.wpress.me\/index.php\/wp-json\/wp\/v2\/product"}],"about":[{"href":"https:\/\/singuli.wpress.me\/index.php\/wp-json\/wp\/v2\/types\/product"}],"version-history":[{"count":0,"href":"https:\/\/singuli.wpress.me\/index.php\/wp-json\/wp\/v2\/product\/32914\/revisions"}],"wp:featuredmedia":[{"embeddable":true,"href":"https:\/\/singuli.wpress.me\/index.php\/wp-json\/wp\/v2\/media\/32915"}],"wp:attachment":[{"href":"https:\/\/singuli.wpress.me\/index.php\/wp-json\/wp\/v2\/media?parent=32914"}],"wp:term":[{"taxonomy":"product_brand","embeddable":true,"href":"https:\/\/singuli.wpress.me\/index.php\/wp-json\/wp\/v2\/product_brand?post=32914"},{"taxonomy":"product_cat","embeddable":true,"href":"https:\/\/singuli.wpress.me\/index.php\/wp-json\/wp\/v2\/product_cat?post=32914"},{"taxonomy":"product_tag","embeddable":true,"href":"https:\/\/singuli.wpress.me\/index.php\/wp-json\/wp\/v2\/product_tag?post=32914"}],"curies":[{"name":"wp","href":"https:\/\/api.w.org\/{rel}","templated":true}]}}