{"id":32923,"date":"2026-04-17T00:47:56","date_gmt":"2026-04-17T00:47:56","guid":{"rendered":"https:\/\/singuli.wpress.me\/index.php\/proizvod\/laica-kuhinjska-mehanicka-vaga-ps2024\/"},"modified":"2026-04-20T12:33:10","modified_gmt":"2026-04-20T12:33:10","slug":"laica-kuhinjska-mehanicka-vaga-ps2024","status":"publish","type":"product","link":"https:\/\/singuli.wpress.me\/index.php\/proizvod\/laica-kuhinjska-mehanicka-vaga-ps2024\/","title":{"rendered":"LAICA, kuhinjska mehani\u010dka vaga, PS2024"},"content":{"rendered":"<p>Laica mehani\u010dka vaga je visokokvalitetna mehani\u010dka vaga koja nudi precizno mjerenje tjelesne mase. Neki od njenih klju\u010dnih zna\u010dajki uklju\u010duju.<\/p>\n<p>Karakteristike:<br \/>\n\u2022 Analiti\u010dka vaga  <br \/>\n\u2022 Kapacitet: 150 kg \u2013 dijeljenje: 1 kg  <br \/>\n\u2022 Lako \u010ditljiv zaslon<br \/>\n\u2022 Platforma s protukliznim tepihom<\/p>\n<p>Komponente proizvoda:<br \/>\n\u2022 Vaga 1 kom<br \/>\n\u2022 Upute za uporabu 1 kom<\/p>\n","protected":false},"excerpt":{"rendered":"<p>Visokokvalitetna mehani\u010dka vaga<br \/>\nKapacitet: 150 kg<br \/>\nPlatforma s protukliznim tepihom<\/p>\n","protected":false},"featured_media":32924,"template":"","meta":{"_seopress_robots_primary_cat":"","_seopress_titles_title":"","_seopress_titles_desc":"","_seopress_robots_index":"","iawp_total_views":0},"product_brand":[148],"product_cat":[266,265,160],"product_tag":[],"class_list":{"0":"post-32923","1":"product","2":"type-product","3":"status-publish","4":"has-post-thumbnail","6":"product_brand-laica","7":"product_cat-aparati-za-kuhanje-265","8":"product_cat-kuhinjski-aparati-160","9":"product_cat-mali-kucanski-aparati","11":"first","12":"instock","13":"shipping-taxable","14":"purchasable","15":"product-type-simple"},"_links":{"self":[{"href":"https:\/\/singuli.wpress.me\/index.php\/wp-json\/wp\/v2\/product\/32923","targetHints":{"allow":["GET"]}}],"collection":[{"href":"https:\/\/singuli.wpress.me\/index.php\/wp-json\/wp\/v2\/product"}],"about":[{"href":"https:\/\/singuli.wpress.me\/index.php\/wp-json\/wp\/v2\/types\/product"}],"version-history":[{"count":0,"href":"https:\/\/singuli.wpress.me\/index.php\/wp-json\/wp\/v2\/product\/32923\/revisions"}],"wp:featuredmedia":[{"embeddable":true,"href":"https:\/\/singuli.wpress.me\/index.php\/wp-json\/wp\/v2\/media\/32924"}],"wp:attachment":[{"href":"https:\/\/singuli.wpress.me\/index.php\/wp-json\/wp\/v2\/media?parent=32923"}],"wp:term":[{"taxonomy":"product_brand","embeddable":true,"href":"https:\/\/singuli.wpress.me\/index.php\/wp-json\/wp\/v2\/product_brand?post=32923"},{"taxonomy":"product_cat","embeddable":true,"href":"https:\/\/singuli.wpress.me\/index.php\/wp-json\/wp\/v2\/product_cat?post=32923"},{"taxonomy":"product_tag","embeddable":true,"href":"https:\/\/singuli.wpress.me\/index.php\/wp-json\/wp\/v2\/product_tag?post=32923"}],"curies":[{"name":"wp","href":"https:\/\/api.w.org\/{rel}","templated":true}]}}