{"id":32934,"date":"2026-04-17T00:48:05","date_gmt":"2026-04-17T00:48:05","guid":{"rendered":"https:\/\/singuli.wpress.me\/index.php\/proizvod\/rio-mare-filodolio-tunjevina-4x65g\/"},"modified":"2026-04-21T00:26:39","modified_gmt":"2026-04-21T00:26:39","slug":"rio-mare-filodolio-tunjevina-4x65g","status":"publish","type":"product","link":"https:\/\/singuli.wpress.me\/index.php\/proizvod\/rio-mare-filodolio-tunjevina-4x65g\/","title":{"rendered":"RIO MARE Filod\u2019olio, tunjevina, 4x65g"},"content":{"rendered":"<p>Vrhunska kvaliteta i nezamjenjiv okus Rio Mare tune u maslinovom ulju, uz svu prakti\u010dnost koju \u017eelite.<br \/>\nRio Mare &quot;Filo d\u2019Olio&quot; sadr\u017ei istu koli\u010dinu tune kao klasi\u010dna Rio Mare konzerva, ali s manje maslinovog ulja.<\/p>\n<p>Isti, nezamjenjiv okus i vrhunska kvaliteta tune s manje ulja.<\/p>\n","protected":false},"excerpt":{"rendered":"<p>Isti, nezamjenjiv okus i vrhunska kvaliteta tune s manje ulja<br \/>\nDosljedna kvaliteta<br \/>\nNepogre\u0161iv okus Rio Mare tunjevine<\/p>\n","protected":false},"featured_media":32935,"template":"","meta":{"_seopress_robots_primary_cat":"","_seopress_titles_title":"","_seopress_titles_desc":"","_seopress_robots_index":"","iawp_total_views":0},"product_brand":[456],"product_cat":[261,299],"product_tag":[],"class_list":{"0":"post-32934","1":"product","2":"type-product","3":"status-publish","4":"has-post-thumbnail","6":"product_brand-rio-mare","7":"product_cat-hrana-i-pice","8":"product_cat-konzervirana-i-gotova-hrana-261","10":"first","11":"instock","12":"shipping-taxable","13":"purchasable","14":"product-type-simple"},"_links":{"self":[{"href":"https:\/\/singuli.wpress.me\/index.php\/wp-json\/wp\/v2\/product\/32934","targetHints":{"allow":["GET"]}}],"collection":[{"href":"https:\/\/singuli.wpress.me\/index.php\/wp-json\/wp\/v2\/product"}],"about":[{"href":"https:\/\/singuli.wpress.me\/index.php\/wp-json\/wp\/v2\/types\/product"}],"version-history":[{"count":0,"href":"https:\/\/singuli.wpress.me\/index.php\/wp-json\/wp\/v2\/product\/32934\/revisions"}],"wp:featuredmedia":[{"embeddable":true,"href":"https:\/\/singuli.wpress.me\/index.php\/wp-json\/wp\/v2\/media\/32935"}],"wp:attachment":[{"href":"https:\/\/singuli.wpress.me\/index.php\/wp-json\/wp\/v2\/media?parent=32934"}],"wp:term":[{"taxonomy":"product_brand","embeddable":true,"href":"https:\/\/singuli.wpress.me\/index.php\/wp-json\/wp\/v2\/product_brand?post=32934"},{"taxonomy":"product_cat","embeddable":true,"href":"https:\/\/singuli.wpress.me\/index.php\/wp-json\/wp\/v2\/product_cat?post=32934"},{"taxonomy":"product_tag","embeddable":true,"href":"https:\/\/singuli.wpress.me\/index.php\/wp-json\/wp\/v2\/product_tag?post=32934"}],"curies":[{"name":"wp","href":"https:\/\/api.w.org\/{rel}","templated":true}]}}