{"id":32936,"date":"2026-04-17T00:48:11","date_gmt":"2026-04-17T00:48:11","guid":{"rendered":"https:\/\/singuli.wpress.me\/index.php\/proizvod\/somersby-cider-jagoda-i-limeta-0-33-l\/"},"modified":"2026-04-20T12:33:10","modified_gmt":"2026-04-20T12:33:10","slug":"somersby-cider-jagoda-i-limeta-0-33-l","status":"publish","type":"product","link":"https:\/\/singuli.wpress.me\/index.php\/proizvod\/somersby-cider-jagoda-i-limeta-0-33-l\/","title":{"rendered":"SOMERSBY, cider, jagoda i limeta, 0.33\u00a0l"},"content":{"rendered":"<p>Somersby Bezalkoholno pi\u0107e Strawberry &amp; Lime u bo\u010dici od 0,33 l nudi osvje\u017eavaju\u0107u kombinaciju slatkih jagoda i kiselkastih limeta, stvaraju\u0107i savr\u0161en balans okusa. Ovo bezalkoholno pi\u0107e je idealno za one koji \u017eele u\u017eivati u vo\u0107nom napitku s bogatim okusom, bez alkohola. Sa svojim laganim, pjenu\u0161avim karakterom, Somersby Strawberry &amp; Lime je savr\u0161en izbor za svaku priliku, bilo da se opu\u0161tate kod ku\u0107e, dru\u017eite s prijateljima ili tra\u017eite osvje\u017eenje tijekom toplih dana. Atraktivno pakiranje od 0,33 l \u010dini ga prakti\u010dnim za konzumaciju u pokretu.<\/p>\n","protected":false},"excerpt":{"rendered":"<p>Savr\u0161eno uravnote\u017een okus slatkih jagoda i kiselkastih limeta<br \/>\nPrakti\u010dno pakiranje<br \/>\nAlk. 0,0% vol<\/p>\n","protected":false},"featured_media":32937,"template":"","meta":{"_seopress_robots_primary_cat":"","_seopress_titles_title":"","_seopress_titles_desc":"","_seopress_robots_index":"","iawp_total_views":0},"product_brand":[517],"product_cat":[243,276],"product_tag":[],"class_list":{"0":"post-32936","1":"product","2":"type-product","3":"status-publish","4":"has-post-thumbnail","6":"product_brand-somersby","7":"product_cat-automobili-i-motori","8":"product_cat-industrijska-i-specijalna-ulja-243","10":"first","11":"outofstock","12":"shipping-taxable","13":"purchasable","14":"product-type-simple"},"_links":{"self":[{"href":"https:\/\/singuli.wpress.me\/index.php\/wp-json\/wp\/v2\/product\/32936","targetHints":{"allow":["GET"]}}],"collection":[{"href":"https:\/\/singuli.wpress.me\/index.php\/wp-json\/wp\/v2\/product"}],"about":[{"href":"https:\/\/singuli.wpress.me\/index.php\/wp-json\/wp\/v2\/types\/product"}],"version-history":[{"count":0,"href":"https:\/\/singuli.wpress.me\/index.php\/wp-json\/wp\/v2\/product\/32936\/revisions"}],"wp:featuredmedia":[{"embeddable":true,"href":"https:\/\/singuli.wpress.me\/index.php\/wp-json\/wp\/v2\/media\/32937"}],"wp:attachment":[{"href":"https:\/\/singuli.wpress.me\/index.php\/wp-json\/wp\/v2\/media?parent=32936"}],"wp:term":[{"taxonomy":"product_brand","embeddable":true,"href":"https:\/\/singuli.wpress.me\/index.php\/wp-json\/wp\/v2\/product_brand?post=32936"},{"taxonomy":"product_cat","embeddable":true,"href":"https:\/\/singuli.wpress.me\/index.php\/wp-json\/wp\/v2\/product_cat?post=32936"},{"taxonomy":"product_tag","embeddable":true,"href":"https:\/\/singuli.wpress.me\/index.php\/wp-json\/wp\/v2\/product_tag?post=32936"}],"curies":[{"name":"wp","href":"https:\/\/api.w.org\/{rel}","templated":true}]}}