{"id":32938,"date":"2026-04-17T00:48:18","date_gmt":"2026-04-17T00:48:18","guid":{"rendered":"https:\/\/singuli.wpress.me\/index.php\/proizvod\/pan-zlatni-pivo-4pack-0-5-l\/"},"modified":"2026-04-20T12:33:10","modified_gmt":"2026-04-20T12:33:10","slug":"pan-zlatni-pivo-4pack-0-5-l","status":"publish","type":"product","link":"https:\/\/singuli.wpress.me\/index.php\/proizvod\/pan-zlatni-pivo-4pack-0-5-l\/","title":{"rendered":"PAN Zlatni, pivo, 4pack, 0.5\u00a0l"},"content":{"rendered":"<p><span style=\"font-weight: bold\">Pan Zlatni Svijetlo pivo<\/span> u pakiranju od 4&#215;0,5 l predstavlja savr\u0161enu kombinaciju okusa i osvje\u017eenja. Ovo svijetlo pivo karakterizira blagi i uravnote\u017eeni okus, uz finu gor\u010dinu i zlatno\u017eutu boju koja privla\u010di ljubitelje kvalitetnog piva. Svaka limenka od 0,5 litara nudi osvje\u017eavaju\u0107i do\u017eivljaj, idealan za u\u017eivanje uz obrok, dru\u0161tvo ili kao samostalno osvje\u017eenje.<\/p>\n<p>Pakiranje od \u010detiri limenke omogu\u0107ava jednostavno dijeljenje ili \u010duvanje za kasniju konzumaciju, a prakti\u010dno je za svaku prigodu \u2013 bilo da je rije\u010d o dru\u017eenjima s prijateljima, obiteljskim okupljanjima ili opu\u0161tanju kod ku\u0107e. Pan Zlatni je izbor za one koji cijene vrhunsku kvalitetu piva s dugogodi\u0161njom tradicijom.<\/p>\n","protected":false},"excerpt":{"rendered":"<p>Blagi i uravnote\u017een okus<br \/>\nVrhunska kvaliteta<br \/>\nAlk. 5,0% vol<\/p>\n","protected":false},"featured_media":32939,"template":"","meta":{"_seopress_robots_primary_cat":"","_seopress_titles_title":"","_seopress_titles_desc":"","_seopress_robots_index":"","iawp_total_views":0},"product_brand":[515],"product_cat":[298,261],"product_tag":[],"class_list":{"0":"post-32938","1":"product","2":"type-product","3":"status-publish","4":"has-post-thumbnail","6":"product_brand-pan","7":"product_cat-alkoholna-pica-261","8":"product_cat-hrana-i-pice","10":"first","11":"instock","12":"shipping-taxable","13":"purchasable","14":"product-type-simple"},"_links":{"self":[{"href":"https:\/\/singuli.wpress.me\/index.php\/wp-json\/wp\/v2\/product\/32938","targetHints":{"allow":["GET"]}}],"collection":[{"href":"https:\/\/singuli.wpress.me\/index.php\/wp-json\/wp\/v2\/product"}],"about":[{"href":"https:\/\/singuli.wpress.me\/index.php\/wp-json\/wp\/v2\/types\/product"}],"version-history":[{"count":0,"href":"https:\/\/singuli.wpress.me\/index.php\/wp-json\/wp\/v2\/product\/32938\/revisions"}],"wp:featuredmedia":[{"embeddable":true,"href":"https:\/\/singuli.wpress.me\/index.php\/wp-json\/wp\/v2\/media\/32939"}],"wp:attachment":[{"href":"https:\/\/singuli.wpress.me\/index.php\/wp-json\/wp\/v2\/media?parent=32938"}],"wp:term":[{"taxonomy":"product_brand","embeddable":true,"href":"https:\/\/singuli.wpress.me\/index.php\/wp-json\/wp\/v2\/product_brand?post=32938"},{"taxonomy":"product_cat","embeddable":true,"href":"https:\/\/singuli.wpress.me\/index.php\/wp-json\/wp\/v2\/product_cat?post=32938"},{"taxonomy":"product_tag","embeddable":true,"href":"https:\/\/singuli.wpress.me\/index.php\/wp-json\/wp\/v2\/product_tag?post=32938"}],"curies":[{"name":"wp","href":"https:\/\/api.w.org\/{rel}","templated":true}]}}