{"id":32945,"date":"2026-04-17T00:48:33","date_gmt":"2026-04-17T00:48:33","guid":{"rendered":"https:\/\/singuli.wpress.me\/index.php\/proizvod\/scania-ldf5-motorno-ulje-3x5l-15-l\/"},"modified":"2026-04-20T12:33:10","modified_gmt":"2026-04-20T12:33:10","slug":"scania-ldf5-motorno-ulje-3x5l-15-l","status":"publish","type":"product","link":"https:\/\/singuli.wpress.me\/index.php\/proizvod\/scania-ldf5-motorno-ulje-3x5l-15-l\/","title":{"rendered":"SCANIA LDF5, motorno ulje, 3x5l, 15\u00a0l"},"content":{"rendered":"<p>Vrhunsko motorno ulje s iznimnom u\u0161tedom goriva. Posebno razvijeno za motore komercijalnih vozila MAN i SCANIA Euro VI-d s modernim sustavima za naknadnu obradu ispu\u0161nih plinova. Nudi dobra svojstva hladnog pokretanja i ni\u017eu potro\u0161nju ulja.<\/p>\n","protected":false},"excerpt":{"rendered":"<p>Scania motorno ulje LDF5<br \/>\nScania kvaliteta<br \/>\nPakiranje od 3x5l<\/p>\n","protected":false},"featured_media":32946,"template":"","meta":{"_seopress_robots_primary_cat":"","_seopress_titles_title":"","_seopress_titles_desc":"","_seopress_robots_index":"","iawp_total_views":0},"product_brand":[497],"product_cat":[243,272],"product_tag":[],"class_list":{"0":"post-32945","1":"product","2":"type-product","3":"status-publish","4":"has-post-thumbnail","6":"product_brand-scania","7":"product_cat-automobili-i-motori","8":"product_cat-motorna-ulja-243","10":"first","11":"instock","12":"shipping-taxable","13":"purchasable","14":"product-type-simple"},"_links":{"self":[{"href":"https:\/\/singuli.wpress.me\/index.php\/wp-json\/wp\/v2\/product\/32945","targetHints":{"allow":["GET"]}}],"collection":[{"href":"https:\/\/singuli.wpress.me\/index.php\/wp-json\/wp\/v2\/product"}],"about":[{"href":"https:\/\/singuli.wpress.me\/index.php\/wp-json\/wp\/v2\/types\/product"}],"version-history":[{"count":0,"href":"https:\/\/singuli.wpress.me\/index.php\/wp-json\/wp\/v2\/product\/32945\/revisions"}],"wp:featuredmedia":[{"embeddable":true,"href":"https:\/\/singuli.wpress.me\/index.php\/wp-json\/wp\/v2\/media\/32946"}],"wp:attachment":[{"href":"https:\/\/singuli.wpress.me\/index.php\/wp-json\/wp\/v2\/media?parent=32945"}],"wp:term":[{"taxonomy":"product_brand","embeddable":true,"href":"https:\/\/singuli.wpress.me\/index.php\/wp-json\/wp\/v2\/product_brand?post=32945"},{"taxonomy":"product_cat","embeddable":true,"href":"https:\/\/singuli.wpress.me\/index.php\/wp-json\/wp\/v2\/product_cat?post=32945"},{"taxonomy":"product_tag","embeddable":true,"href":"https:\/\/singuli.wpress.me\/index.php\/wp-json\/wp\/v2\/product_tag?post=32945"}],"curies":[{"name":"wp","href":"https:\/\/api.w.org\/{rel}","templated":true}]}}