{"id":32947,"date":"2026-04-17T00:48:37","date_gmt":"2026-04-17T00:48:37","guid":{"rendered":"https:\/\/singuli.wpress.me\/index.php\/proizvod\/spirax-s6-azme-75w85-mjenjacko-ulje-209-l\/"},"modified":"2026-04-20T12:33:10","modified_gmt":"2026-04-20T12:33:10","slug":"spirax-s6-azme-75w85-mjenjacko-ulje-209-l","status":"publish","type":"product","link":"https:\/\/singuli.wpress.me\/index.php\/proizvod\/spirax-s6-azme-75w85-mjenjacko-ulje-209-l\/","title":{"rendered":"SPIRAX S6 AZME 75W85, mjenja\u010dko ulje, 209\u00a0l"},"content":{"rendered":"<p>Shell Spirax S6 AZME 75W-85 je jedinstveno sinteti\u010dko ulje za mjenja\u010de i osovine, posebno formulirano kako bi pru\u017eilo izvanrednu za\u0161titu i zna\u010dajnu u\u0161tedu goriva. Njegova napredna tehnologija osigurava pobolj\u0161ano podmazivanje pogonskog sklopa, smanjuje radnu temperaturu i time produljuje vijek trajanja opreme. Osim \u0161to nudi dugotrajnu za\u0161titu, ovo ulje ima i produ\u017eeni rok zamjene te je odobreno od strane ZF-a za svoje specifikacije produljenog intervala.<\/p>\n","protected":false},"excerpt":{"rendered":"<p>Posebna formulacija doprinosi smanjenju potro\u0161nje goriva<br \/>\nSni\u017eava radnu temperaturu i \u0161titi pogonski sklop za dugotrajnu upotrebu<br \/>\nOdobreno od strane ZF-a, omogu\u0107uje du\u017ee razdoblje izme\u0111u izmjena ulja, \u010dime se \u0161tedi na tro\u0161kovima odr\u017eavanja<\/p>\n","protected":false},"featured_media":32948,"template":"","meta":{"_seopress_robots_primary_cat":"","_seopress_titles_title":"","_seopress_titles_desc":"","_seopress_robots_index":"","iawp_total_views":0},"product_brand":[371],"product_cat":[243,276],"product_tag":[],"class_list":{"0":"post-32947","1":"product","2":"type-product","3":"status-publish","4":"has-post-thumbnail","6":"product_brand-spirax","7":"product_cat-automobili-i-motori","8":"product_cat-industrijska-i-specijalna-ulja-243","10":"first","11":"outofstock","12":"shipping-taxable","13":"purchasable","14":"product-type-simple"},"_links":{"self":[{"href":"https:\/\/singuli.wpress.me\/index.php\/wp-json\/wp\/v2\/product\/32947","targetHints":{"allow":["GET"]}}],"collection":[{"href":"https:\/\/singuli.wpress.me\/index.php\/wp-json\/wp\/v2\/product"}],"about":[{"href":"https:\/\/singuli.wpress.me\/index.php\/wp-json\/wp\/v2\/types\/product"}],"version-history":[{"count":0,"href":"https:\/\/singuli.wpress.me\/index.php\/wp-json\/wp\/v2\/product\/32947\/revisions"}],"wp:featuredmedia":[{"embeddable":true,"href":"https:\/\/singuli.wpress.me\/index.php\/wp-json\/wp\/v2\/media\/32948"}],"wp:attachment":[{"href":"https:\/\/singuli.wpress.me\/index.php\/wp-json\/wp\/v2\/media?parent=32947"}],"wp:term":[{"taxonomy":"product_brand","embeddable":true,"href":"https:\/\/singuli.wpress.me\/index.php\/wp-json\/wp\/v2\/product_brand?post=32947"},{"taxonomy":"product_cat","embeddable":true,"href":"https:\/\/singuli.wpress.me\/index.php\/wp-json\/wp\/v2\/product_cat?post=32947"},{"taxonomy":"product_tag","embeddable":true,"href":"https:\/\/singuli.wpress.me\/index.php\/wp-json\/wp\/v2\/product_tag?post=32947"}],"curies":[{"name":"wp","href":"https:\/\/api.w.org\/{rel}","templated":true}]}}