{"id":32956,"date":"2026-04-17T00:48:45","date_gmt":"2026-04-17T00:48:45","guid":{"rendered":"https:\/\/singuli.wpress.me\/index.php\/proizvod\/always-secure-night-extra-higijenski-ulosci-32-kom\/"},"modified":"2026-04-20T12:33:10","modified_gmt":"2026-04-20T12:33:10","slug":"always-secure-night-extra-higijenski-ulosci-32-kom","status":"publish","type":"product","link":"https:\/\/singuli.wpress.me\/index.php\/proizvod\/always-secure-night-extra-higijenski-ulosci-32-kom\/","title":{"rendered":"ALWAYS Secure Night Extra, higijenski ulo\u0161ci, 32\u00a0kom"},"content":{"rendered":"<p>Ne pristajte na manje od neprekinutog sna uz ulo\u017eak ALWAYS Ultra Secure Night Extra (veli\u010dina 5) s krilcima. Ovaj proizvod ima tri za\u0161titne zna\u010dajke kako se no\u0107u ne biste morali buditi i provjeravati je li ulo\u017eak propustio ili ga mijenjati. 9% du\u017ei prednji dio i 85% du\u017ei stra\u017enji dio u kombinaciji s tehnologijom LeakGuard jam\u010de cjelovitu, pouzdanu cjelono\u0107nu za\u0161titu od propu\u0161tanja za vrijeme mjese\u010dnice. Sustav InstantDry upija teku\u0107inu u nekoliko sekundi i dr\u017ei vla\u017enost podalje od ko\u017ee. Tehnologija OdourLock neutralizira neugodne mirise kako biste se osje\u0107ali svje\u017ee i \u010disto. Mirno spavajte, uz trostruku za\u0161titu ulo\u017eaka ALWAYS Ultra.  Dermatolo\u0161ki odobrilo udru\u017eenje Skin Health Alliance. Prona\u0111ite svoju idealnu veli\u010dinu pomo\u0107u sustava Always My Fit koji poma\u017ee u odabiru prikladne veli\u010dine ulo\u0161ka za najbolju Alwaysovu za\u0161titu na temelju obilnosti mjese\u010dnice i veli\u010dine ga\u0107ica.<\/p>\n","protected":false},"excerpt":{"rendered":"<p>Higijenski ulo\u0161ci za za\u0161titu tijekom \u010ditave no\u0107i<br \/>\n9% du\u017ei prednji dio i 85% du\u017ei stra\u017enji dio u usporedbi s ulo\u0161cima Ultra Normal (veli\u010dina 1), za cjelovitu, pouzdanu cjelono\u0107nu za\u0161titu<br \/>\nTehnologija LeakGuard zadr\u017eava teku\u0107inu i poma\u017ee sprije\u010diti propu\u0161tanje<\/p>\n","protected":false},"featured_media":32957,"template":"","meta":{"_seopress_robots_primary_cat":"","_seopress_titles_title":"","_seopress_titles_desc":"","_seopress_robots_index":"","iawp_total_views":0},"product_brand":[449],"product_cat":[211,288],"product_tag":[],"class_list":{"0":"post-32956","1":"product","2":"type-product","3":"status-publish","4":"has-post-thumbnail","6":"product_brand-always","7":"product_cat-njega-majke-i-djeteta","8":"product_cat-zenska-higijena-211","10":"first","11":"instock","12":"shipping-taxable","13":"purchasable","14":"product-type-simple"},"_links":{"self":[{"href":"https:\/\/singuli.wpress.me\/index.php\/wp-json\/wp\/v2\/product\/32956","targetHints":{"allow":["GET"]}}],"collection":[{"href":"https:\/\/singuli.wpress.me\/index.php\/wp-json\/wp\/v2\/product"}],"about":[{"href":"https:\/\/singuli.wpress.me\/index.php\/wp-json\/wp\/v2\/types\/product"}],"version-history":[{"count":0,"href":"https:\/\/singuli.wpress.me\/index.php\/wp-json\/wp\/v2\/product\/32956\/revisions"}],"wp:featuredmedia":[{"embeddable":true,"href":"https:\/\/singuli.wpress.me\/index.php\/wp-json\/wp\/v2\/media\/32957"}],"wp:attachment":[{"href":"https:\/\/singuli.wpress.me\/index.php\/wp-json\/wp\/v2\/media?parent=32956"}],"wp:term":[{"taxonomy":"product_brand","embeddable":true,"href":"https:\/\/singuli.wpress.me\/index.php\/wp-json\/wp\/v2\/product_brand?post=32956"},{"taxonomy":"product_cat","embeddable":true,"href":"https:\/\/singuli.wpress.me\/index.php\/wp-json\/wp\/v2\/product_cat?post=32956"},{"taxonomy":"product_tag","embeddable":true,"href":"https:\/\/singuli.wpress.me\/index.php\/wp-json\/wp\/v2\/product_tag?post=32956"}],"curies":[{"name":"wp","href":"https:\/\/api.w.org\/{rel}","templated":true}]}}