{"id":32958,"date":"2026-04-17T00:48:46","date_gmt":"2026-04-17T00:48:46","guid":{"rendered":"https:\/\/singuli.wpress.me\/index.php\/proizvod\/always-ultra-day-night-higijenski-ulosci-40-kom\/"},"modified":"2026-04-20T12:33:10","modified_gmt":"2026-04-20T12:33:10","slug":"always-ultra-day-night-higijenski-ulosci-40-kom","status":"publish","type":"product","link":"https:\/\/singuli.wpress.me\/index.php\/proizvod\/always-ultra-day-night-higijenski-ulosci-40-kom\/","title":{"rendered":"ALWAYS Ultra Day &amp; Night, higijenski ulo\u0161ci, 40\u00a0kom"},"content":{"rendered":"<p>Nemojte se zadovoljiti s manje od trostruke za\u0161tite higijenskih ulo\u017eaka Always Ultra  Day &amp; Night (Veli\u010dina 3) S Krilcima.  Higijenski ulo\u0161ci Always upijaju u nekoliko sekundi zahvaljuju\u0107i tehnologiji InstantDry i spre\u010davaju propu\u0161tanje i neugodne mirise zahvaljuju\u0107i tehnologijama LeakGuard i OdorLock. Njihova jedinstvena krilca ComfortLock dizajnirana su kako bi bolje pristajala svim tipovima ga\u0107ica (u odnosu na dosada\u0161nji proizvod). Za dodatnu za\u0161titu no\u0107u isprobajte Always Ultra Size 5. Ulo\u0161ke Always dermatolo\u0161ki je odobrilo udru\u017eenje Skin Health Alliance<\/p>\n","protected":false},"excerpt":{"rendered":"<p>Trostruka za\u0161tita kako biste se osje\u0107ali svje\u017ee i \u010disto tijekom mjese\u010dnice<br \/>\nSuperupijaju\u0107i higijenski ulo\u0161ci sa sustavom InstantDry koji upija teku\u0107inu u samo nekoliko sekundi<br \/>\nTehnologija LeakGuard zadr\u017eava teku\u0107inu i poma\u017ee sprije\u010diti propu\u0161tanje<\/p>\n","protected":false},"featured_media":32959,"template":"","meta":{"_seopress_robots_primary_cat":"","_seopress_titles_title":"","_seopress_titles_desc":"","_seopress_robots_index":"","iawp_total_views":0},"product_brand":[449],"product_cat":[211,288],"product_tag":[],"class_list":{"0":"post-32958","1":"product","2":"type-product","3":"status-publish","4":"has-post-thumbnail","6":"product_brand-always","7":"product_cat-njega-majke-i-djeteta","8":"product_cat-zenska-higijena-211","10":"first","11":"instock","12":"shipping-taxable","13":"purchasable","14":"product-type-simple"},"_links":{"self":[{"href":"https:\/\/singuli.wpress.me\/index.php\/wp-json\/wp\/v2\/product\/32958","targetHints":{"allow":["GET"]}}],"collection":[{"href":"https:\/\/singuli.wpress.me\/index.php\/wp-json\/wp\/v2\/product"}],"about":[{"href":"https:\/\/singuli.wpress.me\/index.php\/wp-json\/wp\/v2\/types\/product"}],"version-history":[{"count":0,"href":"https:\/\/singuli.wpress.me\/index.php\/wp-json\/wp\/v2\/product\/32958\/revisions"}],"wp:featuredmedia":[{"embeddable":true,"href":"https:\/\/singuli.wpress.me\/index.php\/wp-json\/wp\/v2\/media\/32959"}],"wp:attachment":[{"href":"https:\/\/singuli.wpress.me\/index.php\/wp-json\/wp\/v2\/media?parent=32958"}],"wp:term":[{"taxonomy":"product_brand","embeddable":true,"href":"https:\/\/singuli.wpress.me\/index.php\/wp-json\/wp\/v2\/product_brand?post=32958"},{"taxonomy":"product_cat","embeddable":true,"href":"https:\/\/singuli.wpress.me\/index.php\/wp-json\/wp\/v2\/product_cat?post=32958"},{"taxonomy":"product_tag","embeddable":true,"href":"https:\/\/singuli.wpress.me\/index.php\/wp-json\/wp\/v2\/product_tag?post=32958"}],"curies":[{"name":"wp","href":"https:\/\/api.w.org\/{rel}","templated":true}]}}