{"id":32965,"date":"2026-04-17T00:48:51","date_gmt":"2026-04-17T00:48:51","guid":{"rendered":"https:\/\/singuli.wpress.me\/index.php\/proizvod\/revlon-multi-styler-5u1-susilo-za-kosu\/"},"modified":"2026-04-20T12:33:10","modified_gmt":"2026-04-20T12:33:10","slug":"revlon-multi-styler-5u1-susilo-za-kosu","status":"publish","type":"product","link":"https:\/\/singuli.wpress.me\/index.php\/proizvod\/revlon-multi-styler-5u1-susilo-za-kosu\/","title":{"rendered":"REVLON Multi Styler 5u1, su\u0161ilo za kosu"},"content":{"rendered":"<p>Su\u0161ite, kovr\u010dajte, zagladite, dodajte volumen i postignite neograni\u010den izgled uz manje o\u0161te\u0107enja kose.<br \/>\n<span style=\"font-weight: bold\">Karakteristike:<\/span><br \/>\nSu\u0161ilo 5u1 &#8211; postignite neograni\u010dene frizure zahvaljuju\u0107i 5 nastavaka.<br \/>\nManje vremena, manje o\u0161te\u0107enja &#8211; svih 5 nastavaka pokre\u0107e vru\u0107i zrak umjesto topline.<br \/>\n360\u00b0 ventilirani uvija\u010d 32 mm &#8211; za sjajne opu\u0161tene kovr\u010de.<br \/>\nOriginalna Volumiser ovalna \u010detka 70 mm &#8211; za volumni obujam kose.<br \/>\nNastavak za su\u0161enje korijena &#8211; sre\u0111ena kosa za dugotrajne rezultate.<br \/>\nOkrugla \u010detka 38 mm &#8211; za volumen korijena, mekane kovr\u010de, preokrete i valove.<br \/>\n\u0160iroka \u010detka za glatke, ravne frizure.<br \/>\n4 temperaturne postavke za prilagodbu temperature (NISKO\/SREDNJE\/VISOKO\/HLADNO).<\/p>\n<p>Ostali dodatci<br \/>\n\u2022 Kabel du\u017eine 2.5m<br \/>\n\u2022 Lagani dizajn<\/p>\n","protected":false},"excerpt":{"rendered":"<p>Svih 5 nastavaka pokre\u0107e vru\u0107i zrak umjesto topline<br \/>\nOriginalna Volumiser ovalna \u010detka 70 mm<br \/>\n\u0160iroka \u010detka za glatke, ravne frizure<\/p>\n","protected":false},"featured_media":32966,"template":"","meta":{"_seopress_robots_primary_cat":"","_seopress_titles_title":"","_seopress_titles_desc":"","_seopress_robots_index":"","iawp_total_views":0},"product_brand":[155],"product_cat":[192,319],"product_tag":[],"class_list":{"0":"post-32965","1":"product","2":"type-product","3":"status-publish","4":"has-post-thumbnail","6":"product_brand-revlon","7":"product_cat-aparati-za-osobnu-njegu","8":"product_cat-susila-za-kosu-pegla-i-uvijaci-192","10":"first","11":"outofstock","12":"shipping-taxable","13":"purchasable","14":"product-type-simple"},"_links":{"self":[{"href":"https:\/\/singuli.wpress.me\/index.php\/wp-json\/wp\/v2\/product\/32965","targetHints":{"allow":["GET"]}}],"collection":[{"href":"https:\/\/singuli.wpress.me\/index.php\/wp-json\/wp\/v2\/product"}],"about":[{"href":"https:\/\/singuli.wpress.me\/index.php\/wp-json\/wp\/v2\/types\/product"}],"version-history":[{"count":0,"href":"https:\/\/singuli.wpress.me\/index.php\/wp-json\/wp\/v2\/product\/32965\/revisions"}],"wp:featuredmedia":[{"embeddable":true,"href":"https:\/\/singuli.wpress.me\/index.php\/wp-json\/wp\/v2\/media\/32966"}],"wp:attachment":[{"href":"https:\/\/singuli.wpress.me\/index.php\/wp-json\/wp\/v2\/media?parent=32965"}],"wp:term":[{"taxonomy":"product_brand","embeddable":true,"href":"https:\/\/singuli.wpress.me\/index.php\/wp-json\/wp\/v2\/product_brand?post=32965"},{"taxonomy":"product_cat","embeddable":true,"href":"https:\/\/singuli.wpress.me\/index.php\/wp-json\/wp\/v2\/product_cat?post=32965"},{"taxonomy":"product_tag","embeddable":true,"href":"https:\/\/singuli.wpress.me\/index.php\/wp-json\/wp\/v2\/product_tag?post=32965"}],"curies":[{"name":"wp","href":"https:\/\/api.w.org\/{rel}","templated":true}]}}