{"id":32975,"date":"2026-04-17T00:49:03","date_gmt":"2026-04-17T00:49:03","guid":{"rendered":"https:\/\/singuli.wpress.me\/index.php\/proizvod\/ariel-all-in-1-color-clean-fresh-kapsule-za-pranje-rublja-100-pranja\/"},"modified":"2026-04-20T12:33:10","modified_gmt":"2026-04-20T12:33:10","slug":"ariel-all-in-1-color-clean-fresh-kapsule-za-pranje-rublja-100-pranja","status":"publish","type":"product","link":"https:\/\/singuli.wpress.me\/index.php\/proizvod\/ariel-all-in-1-color-clean-fresh-kapsule-za-pranje-rublja-100-pranja\/","title":{"rendered":"ARIEL All-in-1 Color Clean &amp; Fresh, kapsule za pranje rublja, 100 pranja"},"content":{"rendered":"<p>Ariel, marka koju preporu\u010duju Whirlpool, Electrolux, Candy i Beko, predstavlja kapsule deterd\u017eenta za pranje rublja Ariel All-in-1 PODS u varijanti Color Clean &amp; Fresh koje pru\u017eaju briljantno uklanjanje mrlja, \u010dak i pri pranju na ni\u017eim temperaturama. Osmi\u0161ljene su za pranje na niskim temperaturama, s jedinstvenom tehnologijom COOL CLEAN. <\/p>\n<p><\/p>\n","protected":false},"excerpt":{"rendered":"<p>Osiguravaju briljantno uklanjanje mrlja, \u010dak i pri pranju na ni\u017eim temperaturama<br \/>\nJedinstvena tehnologija Cool Clean<br \/>\nOsmi\u0161ljeno za pranje na niskim temperaturama<\/p>\n","protected":false},"featured_media":32976,"template":"","meta":{"_seopress_robots_primary_cat":"","_seopress_titles_title":"","_seopress_titles_desc":"","_seopress_robots_index":"","iawp_total_views":0},"product_brand":[427],"product_cat":[283,238],"product_tag":[],"class_list":{"0":"post-32975","1":"product","2":"type-product","3":"status-publish","4":"has-post-thumbnail","6":"product_brand-ariel","7":"product_cat-pranje-rublja-238","8":"product_cat-sve-za-dom","10":"first","11":"outofstock","12":"shipping-taxable","13":"purchasable","14":"product-type-simple"},"_links":{"self":[{"href":"https:\/\/singuli.wpress.me\/index.php\/wp-json\/wp\/v2\/product\/32975","targetHints":{"allow":["GET"]}}],"collection":[{"href":"https:\/\/singuli.wpress.me\/index.php\/wp-json\/wp\/v2\/product"}],"about":[{"href":"https:\/\/singuli.wpress.me\/index.php\/wp-json\/wp\/v2\/types\/product"}],"version-history":[{"count":0,"href":"https:\/\/singuli.wpress.me\/index.php\/wp-json\/wp\/v2\/product\/32975\/revisions"}],"wp:featuredmedia":[{"embeddable":true,"href":"https:\/\/singuli.wpress.me\/index.php\/wp-json\/wp\/v2\/media\/32976"}],"wp:attachment":[{"href":"https:\/\/singuli.wpress.me\/index.php\/wp-json\/wp\/v2\/media?parent=32975"}],"wp:term":[{"taxonomy":"product_brand","embeddable":true,"href":"https:\/\/singuli.wpress.me\/index.php\/wp-json\/wp\/v2\/product_brand?post=32975"},{"taxonomy":"product_cat","embeddable":true,"href":"https:\/\/singuli.wpress.me\/index.php\/wp-json\/wp\/v2\/product_cat?post=32975"},{"taxonomy":"product_tag","embeddable":true,"href":"https:\/\/singuli.wpress.me\/index.php\/wp-json\/wp\/v2\/product_tag?post=32975"}],"curies":[{"name":"wp","href":"https:\/\/api.w.org\/{rel}","templated":true}]}}