{"id":32996,"date":"2026-04-17T00:49:41","date_gmt":"2026-04-17T00:49:41","guid":{"rendered":"https:\/\/singuli.wpress.me\/index.php\/proizvod\/pantene-pro-v-intensive-repair-maska-za-kosu-s-keratinom-300-ml\/"},"modified":"2026-04-20T12:33:10","modified_gmt":"2026-04-20T12:33:10","slug":"pantene-pro-v-intensive-repair-maska-za-kosu-s-keratinom-300-ml","status":"publish","type":"product","link":"https:\/\/singuli.wpress.me\/index.php\/proizvod\/pantene-pro-v-intensive-repair-maska-za-kosu-s-keratinom-300-ml\/","title":{"rendered":"PANTENE Pro-V Intensive Repair, maska za kosu, s keratinom, 300\u00a0ml"},"content":{"rendered":"<p>Pantene Pro-V intenzivna obnavljaju\u0107a keratinska maska za kosu s mikronutrijentima poma\u017ee obnoviti 6 mjeseci o\u0161te\u0107enja kose nakon 1 uporabe.<\/p>\n<p> Ispitao \u0160vicarski institut za vitamine. Bogata formula Pantene Pro-V prodire u vlakna kose i ja\u010da i njeguje svaki pramen kose od korijena do vrha. (obnova o\u0161te\u0107enja na kosi nastalih oblikovanjem \/ za\u0161tita od o\u0161te\u0107enja oblikovanjem)<\/p>\n","protected":false},"excerpt":{"rendered":"<p>Intenzivna maska za suhu i o\u0161te\u0107enu kosu<br \/>\nBori se protiv prvih znakova o\u0161te\u0107enja<br \/>\nPoma\u017ee zadr\u017eati vla\u017enost duboko u kosi<\/p>\n","protected":false},"featured_media":32997,"template":"","meta":{"_seopress_robots_primary_cat":"","_seopress_titles_title":"","_seopress_titles_desc":"","_seopress_robots_index":"","iawp_total_views":0},"product_brand":[411],"product_cat":[268,300],"product_tag":[],"class_list":{"0":"post-32996","1":"product","2":"type-product","3":"status-publish","4":"has-post-thumbnail","6":"product_brand-pantene","7":"product_cat-kozmetika-2","8":"product_cat-njega-kose-268","10":"first","11":"instock","12":"shipping-taxable","13":"purchasable","14":"product-type-simple"},"_links":{"self":[{"href":"https:\/\/singuli.wpress.me\/index.php\/wp-json\/wp\/v2\/product\/32996","targetHints":{"allow":["GET"]}}],"collection":[{"href":"https:\/\/singuli.wpress.me\/index.php\/wp-json\/wp\/v2\/product"}],"about":[{"href":"https:\/\/singuli.wpress.me\/index.php\/wp-json\/wp\/v2\/types\/product"}],"version-history":[{"count":0,"href":"https:\/\/singuli.wpress.me\/index.php\/wp-json\/wp\/v2\/product\/32996\/revisions"}],"wp:featuredmedia":[{"embeddable":true,"href":"https:\/\/singuli.wpress.me\/index.php\/wp-json\/wp\/v2\/media\/32997"}],"wp:attachment":[{"href":"https:\/\/singuli.wpress.me\/index.php\/wp-json\/wp\/v2\/media?parent=32996"}],"wp:term":[{"taxonomy":"product_brand","embeddable":true,"href":"https:\/\/singuli.wpress.me\/index.php\/wp-json\/wp\/v2\/product_brand?post=32996"},{"taxonomy":"product_cat","embeddable":true,"href":"https:\/\/singuli.wpress.me\/index.php\/wp-json\/wp\/v2\/product_cat?post=32996"},{"taxonomy":"product_tag","embeddable":true,"href":"https:\/\/singuli.wpress.me\/index.php\/wp-json\/wp\/v2\/product_tag?post=32996"}],"curies":[{"name":"wp","href":"https:\/\/api.w.org\/{rel}","templated":true}]}}