{"id":32998,"date":"2026-04-17T00:49:52","date_gmt":"2026-04-17T00:49:52","guid":{"rendered":"https:\/\/singuli.wpress.me\/index.php\/proizvod\/make-it-real-kreativni-set-za-kosu-set-za-igru-1-kom\/"},"modified":"2026-04-20T12:33:10","modified_gmt":"2026-04-20T12:33:10","slug":"make-it-real-kreativni-set-za-kosu-set-za-igru-1-kom","status":"publish","type":"product","link":"https:\/\/singuli.wpress.me\/index.php\/proizvod\/make-it-real-kreativni-set-za-kosu-set-za-igru-1-kom\/","title":{"rendered":"MAKE IT REAL kreativni set za kosu, set za igru, 1\u00a0kom"},"content":{"rendered":"<p>Kreirajte i pri\u010dvrstite stilove za svaku vrstu kose! Uz 100 kop\u010di s perlicama s ukrasima u obliku leptira, dragulja i cvjeti\u0107a, mlade ljubiteljice mode mogu stvarati frizure koje izra\u017eavaju njihov jedinstveni stil u tri jednostavna koraka: napuni, pri\u010dvrsti, stiliziraj! Umetnite \u017eeljene kop\u010de s perlicama u spremnik, a zatim ih jednostavno pri\u010dvrstite na kosu. Sve kop\u010de i ukrasi lako se uklanjaju i mogu se ponovno koristiti. U setu se nalazi i alat za mjerenje koji omogu\u0107uje jednostavno i precizno postavljanje. Kop\u010de mo\u017eete koristiti kao ukrasne detalje ili za povezivanje pramenova kose i stvaranje slo\u017eenijih frizura. Ovaj set je odli\u010dna ideja za poklon djeci koja vole modu i stil, za svaku prigodu.<\/p>\n","protected":false},"excerpt":{"rendered":"<p>Jednostavan sustav \u201enapuni, pri\u010dvrsti, stiliziraj\u201d omogu\u0107uje djeci da samostalno i brzo kreiraju unikatne frizure s motivima leptira, dragulja i cvjeti\u0107a<br \/>\nSadr\u017ei \u010dak 100 ukrasnih kop\u010di i perlica koje se lako uklanjaju i mogu se koristiti iznova, pru\u017eaju\u0107i beskrajne mogu\u0107nosti za modno eksperimentiranje<br \/>\nUz prilo\u017eeni alat za mjerenje, postavljanje ukrasa je to\u010dno i lagano, bilo da se koriste kao pojedina\u010dni detalji ili za povezivanje slo\u017eenijih pramenova<\/p>\n","protected":false},"featured_media":32999,"template":"","meta":{"_seopress_robots_primary_cat":"","_seopress_titles_title":"","_seopress_titles_desc":"","_seopress_robots_index":"","iawp_total_views":0},"product_brand":[441],"product_cat":[221,291],"product_tag":[],"class_list":{"0":"post-32998","1":"product","2":"type-product","3":"status-publish","4":"has-post-thumbnail","6":"product_brand-make-it-real","7":"product_cat-igracke","8":"product_cat-igracke-za-djecu-221","10":"first","11":"outofstock","12":"shipping-taxable","13":"purchasable","14":"product-type-simple"},"_links":{"self":[{"href":"https:\/\/singuli.wpress.me\/index.php\/wp-json\/wp\/v2\/product\/32998","targetHints":{"allow":["GET"]}}],"collection":[{"href":"https:\/\/singuli.wpress.me\/index.php\/wp-json\/wp\/v2\/product"}],"about":[{"href":"https:\/\/singuli.wpress.me\/index.php\/wp-json\/wp\/v2\/types\/product"}],"version-history":[{"count":0,"href":"https:\/\/singuli.wpress.me\/index.php\/wp-json\/wp\/v2\/product\/32998\/revisions"}],"wp:featuredmedia":[{"embeddable":true,"href":"https:\/\/singuli.wpress.me\/index.php\/wp-json\/wp\/v2\/media\/32999"}],"wp:attachment":[{"href":"https:\/\/singuli.wpress.me\/index.php\/wp-json\/wp\/v2\/media?parent=32998"}],"wp:term":[{"taxonomy":"product_brand","embeddable":true,"href":"https:\/\/singuli.wpress.me\/index.php\/wp-json\/wp\/v2\/product_brand?post=32998"},{"taxonomy":"product_cat","embeddable":true,"href":"https:\/\/singuli.wpress.me\/index.php\/wp-json\/wp\/v2\/product_cat?post=32998"},{"taxonomy":"product_tag","embeddable":true,"href":"https:\/\/singuli.wpress.me\/index.php\/wp-json\/wp\/v2\/product_tag?post=32998"}],"curies":[{"name":"wp","href":"https:\/\/api.w.org\/{rel}","templated":true}]}}