{"id":33004,"date":"2026-04-17T00:49:59","date_gmt":"2026-04-17T00:49:59","guid":{"rendered":"https:\/\/singuli.wpress.me\/index.php\/proizvod\/make-it-real-narukvica-abeceda-set-za-igru-1-kom\/"},"modified":"2026-04-20T12:33:10","modified_gmt":"2026-04-20T12:33:10","slug":"make-it-real-narukvica-abeceda-set-za-igru-1-kom","status":"publish","type":"product","link":"https:\/\/singuli.wpress.me\/index.php\/proizvod\/make-it-real-narukvica-abeceda-set-za-igru-1-kom\/","title":{"rendered":"MAKE IT REAL narukvica abeceda, set za igru, 1\u00a0kom"},"content":{"rendered":"<p>Najbolji poklon ikad: ultimativni set za izradu narukvica prijateljstva! Kreativci mogu koristiti vi\u0161e od 1000 razli\u010ditih perlica za izradu narukvica s nazivima timova, nadimcima, imenima prijatelja, memovima pa \u010dak i zabavnim ili inspirativnim porukama. Narukvice prijateljstva uvijek su u trendu, a pola zabave je u samom procesu izrade: mo\u017eete ih izra\u0111ivati sami za opu\u0161taju\u0107e i kreativno vrijeme ili okupiti prijatelje za zabavnu dru\u0161tvenu aktivnost te izra\u0111ivati narukvice za no\u0161enje i dijeljenje. Ovaj set je sjajna ideja za poklon kreativnoj djeci, bilo da su po\u010detnici u izradi narukvica ili ve\u0107 pravi mali majstori.<\/p>\n","protected":false},"excerpt":{"rendered":"<p>Uz vi\u0161e od 1000 perlica, djeca mogu kreirati unikatne narukvice s imenima, porukama, memovima ili nazivima timova, izra\u017eavaju\u0107i vlastitu kreativnost<br \/>\nSet je idealan za grupne aktivnosti i dru\u017eenja, gdje djeca kroz izradu i razmjenu narukvica ja\u010daju prijateljske veze<br \/>\nDizajniran je tako da bude pristupa\u010dan potpunim po\u010detnicima, ali i dovoljno bogat sadr\u017eajem da zabavi iskusne male majstore izrade nakita.<\/p>\n","protected":false},"featured_media":33005,"template":"","meta":{"_seopress_robots_primary_cat":"","_seopress_titles_title":"","_seopress_titles_desc":"","_seopress_robots_index":"","iawp_total_views":0},"product_brand":[441],"product_cat":[221,291],"product_tag":[],"class_list":{"0":"post-33004","1":"product","2":"type-product","3":"status-publish","4":"has-post-thumbnail","6":"product_brand-make-it-real","7":"product_cat-igracke","8":"product_cat-igracke-za-djecu-221","10":"first","11":"outofstock","12":"shipping-taxable","13":"purchasable","14":"product-type-simple"},"_links":{"self":[{"href":"https:\/\/singuli.wpress.me\/index.php\/wp-json\/wp\/v2\/product\/33004","targetHints":{"allow":["GET"]}}],"collection":[{"href":"https:\/\/singuli.wpress.me\/index.php\/wp-json\/wp\/v2\/product"}],"about":[{"href":"https:\/\/singuli.wpress.me\/index.php\/wp-json\/wp\/v2\/types\/product"}],"version-history":[{"count":0,"href":"https:\/\/singuli.wpress.me\/index.php\/wp-json\/wp\/v2\/product\/33004\/revisions"}],"wp:featuredmedia":[{"embeddable":true,"href":"https:\/\/singuli.wpress.me\/index.php\/wp-json\/wp\/v2\/media\/33005"}],"wp:attachment":[{"href":"https:\/\/singuli.wpress.me\/index.php\/wp-json\/wp\/v2\/media?parent=33004"}],"wp:term":[{"taxonomy":"product_brand","embeddable":true,"href":"https:\/\/singuli.wpress.me\/index.php\/wp-json\/wp\/v2\/product_brand?post=33004"},{"taxonomy":"product_cat","embeddable":true,"href":"https:\/\/singuli.wpress.me\/index.php\/wp-json\/wp\/v2\/product_cat?post=33004"},{"taxonomy":"product_tag","embeddable":true,"href":"https:\/\/singuli.wpress.me\/index.php\/wp-json\/wp\/v2\/product_tag?post=33004"}],"curies":[{"name":"wp","href":"https:\/\/api.w.org\/{rel}","templated":true}]}}