{"id":33010,"date":"2026-04-17T00:50:06","date_gmt":"2026-04-17T00:50:06","guid":{"rendered":"https:\/\/singuli.wpress.me\/index.php\/proizvod\/pampers-premium-care-pelene-velicina-7-15kg-32-kom\/"},"modified":"2026-04-20T12:33:10","modified_gmt":"2026-04-20T12:33:10","slug":"pampers-premium-care-pelene-velicina-7-15kg-32-kom","status":"publish","type":"product","link":"https:\/\/singuli.wpress.me\/index.php\/proizvod\/pampers-premium-care-pelene-velicina-7-15kg-32-kom\/","title":{"rendered":"PAMPERS Premium Care, pelene, veli\u010dina 7, 15+kg, 32\u00a0kom"},"content":{"rendered":"<p>Pampersova najbolja udobnost i za\u0161tita za osjetljivu bebinu ko\u017eu \u2013 testirale i odobrile bebe! Pampersove pelene br. 1 posebno smo osmislili za nje\u017enu ko\u017eu beba. A ovo je i na\u0161 broj 1 protiv propu\u0161tanja. <br \/>\nPelene Pampers Premium Care pru\u017eaju na\u0161u najbolju za\u0161titu, zahvaljuju\u0107i zna\u010dajkama kao \u0161to su:<br \/>\n&#8211; trenutno upijanje s milijunima upijaju\u0107ih mikropora koje u trenu upijaju vla\u017enost i rijetku stolicu s ko\u017ee i zadr\u017eavaju ih duboko u peleni kako bi osjetljiva bebina ko\u017ea ostala suha i za\u0161ti\u0107ena. <br \/>\n&#8211; jedinstveni d\u017eep Stop &amp; Protect koji spre\u010dava propu\u0161tanja odostraga. Jastu\u010dasti, iznimno mekani materijali obavijaju bebinu ko\u017eu poput ugodnog, za\u0161titnog obla\u010di\u0107a<br \/>\n&#8211; jedinstveno udobno prianjanje sa sustavom pri\u010dvr\u0161\u0107ivanja trakicama koje se preklapaju<br \/>\nDje\u010dje pelene  Pampers Premium Care prvi su izbor rodili\u0161ta u Hrvatskoj, a 100% za bebinu ko\u017eu: dermatolo\u0161ki su ispitane i ne sadr\u017ee nijedan od 26 mirisnih sastojaka koje je EU izdvojila kao potencijalne uzro\u010dnike alergijske reakcije (u skladu s Uredbom EU o kozmeti\u010dkim proizvodima (EZ) br. 1223\/2009). Nije ni \u010dudo da ih bebe odobravaju!<\/p>\n","protected":false},"excerpt":{"rendered":"<p>Dvostruka za\u0161tita za ko\u017eu i protiv propu\u0161tanja<br \/>\nTrenutno upijanje s milijunima upijaju\u0107ih mikropora<br \/>\nJedinstveno udobno prianjanje sa sustavom pri\u010dvr\u0161\u0107ivanja trakicama koje se preklapaju<\/p>\n","protected":false},"featured_media":33011,"template":"","meta":{"_seopress_robots_primary_cat":"","_seopress_titles_title":"","_seopress_titles_desc":"","_seopress_robots_index":"","iawp_total_views":0},"product_brand":[444],"product_cat":[211,310],"product_tag":[],"class_list":{"0":"post-33010","1":"product","2":"type-product","3":"status-publish","4":"has-post-thumbnail","6":"product_brand-pampers","7":"product_cat-njega-majke-i-djeteta","8":"product_cat-pelene-211","10":"first","11":"outofstock","12":"shipping-taxable","13":"purchasable","14":"product-type-simple"},"_links":{"self":[{"href":"https:\/\/singuli.wpress.me\/index.php\/wp-json\/wp\/v2\/product\/33010","targetHints":{"allow":["GET"]}}],"collection":[{"href":"https:\/\/singuli.wpress.me\/index.php\/wp-json\/wp\/v2\/product"}],"about":[{"href":"https:\/\/singuli.wpress.me\/index.php\/wp-json\/wp\/v2\/types\/product"}],"version-history":[{"count":0,"href":"https:\/\/singuli.wpress.me\/index.php\/wp-json\/wp\/v2\/product\/33010\/revisions"}],"wp:featuredmedia":[{"embeddable":true,"href":"https:\/\/singuli.wpress.me\/index.php\/wp-json\/wp\/v2\/media\/33011"}],"wp:attachment":[{"href":"https:\/\/singuli.wpress.me\/index.php\/wp-json\/wp\/v2\/media?parent=33010"}],"wp:term":[{"taxonomy":"product_brand","embeddable":true,"href":"https:\/\/singuli.wpress.me\/index.php\/wp-json\/wp\/v2\/product_brand?post=33010"},{"taxonomy":"product_cat","embeddable":true,"href":"https:\/\/singuli.wpress.me\/index.php\/wp-json\/wp\/v2\/product_cat?post=33010"},{"taxonomy":"product_tag","embeddable":true,"href":"https:\/\/singuli.wpress.me\/index.php\/wp-json\/wp\/v2\/product_tag?post=33010"}],"curies":[{"name":"wp","href":"https:\/\/api.w.org\/{rel}","templated":true}]}}