{"id":33014,"date":"2026-04-17T00:50:11","date_gmt":"2026-04-17T00:50:11","guid":{"rendered":"https:\/\/singuli.wpress.me\/index.php\/proizvod\/fisher-price-drvene-puzzle\/"},"modified":"2026-04-20T12:33:10","modified_gmt":"2026-04-20T12:33:10","slug":"fisher-price-drvene-puzzle","status":"publish","type":"product","link":"https:\/\/singuli.wpress.me\/index.php\/proizvod\/fisher-price-drvene-puzzle\/","title":{"rendered":"FISHER PRICE, drvene puzzle"},"content":{"rendered":"<p>Djeca mogu istra\u017eivati o\u010daravaju\u0107e svjetove i potaknuti svoju ma\u0161tu s pomo\u0107u ovih drvenih slagalica Fisher-Price. Svaka slagalica od 9 dijelova ima zabavnu temu prilago\u0111enu djeci poput Sun\u010devog sustava, dubokomorskih \u017eivotinja, glazbenih instrumenata i safarija u d\u017eungli. Izra\u0111ene su od drva iz FSC\u00ae &#8211; certificiranih \u0161uma. Slagalice poma\u017eu djeci u poticanju koordinacije oko-ruka, rje\u0161avanju problema i razvijanju dru\u0161tvenih vje\u0161tina. Puzzle su inspirirane Montessori tehnikom te su namijenjena za malu djecu i djecu pred\u0161kolske dobi. Igra\u010dka dolazi u vi\u0161e razli\u010ditih modela, a isporuka ovisi o njihovoj trenutnoj raspolo\u017eivosti. <\/p>\n","protected":false},"excerpt":{"rendered":"<p>Svaka slagalica od 9 dijelova ima zabavnu temu prilago\u0111enu djeci<br \/>\nIzra\u0111ene od FSC\u00ae &#8211; certificiranog drva<br \/>\nDob: 2+ god<\/p>\n","protected":false},"featured_media":33015,"template":"","meta":{"_seopress_robots_primary_cat":"","_seopress_titles_title":"","_seopress_titles_desc":"","_seopress_robots_index":"","iawp_total_views":0},"product_brand":[458],"product_cat":[221,291],"product_tag":[],"class_list":{"0":"post-33014","1":"product","2":"type-product","3":"status-publish","4":"has-post-thumbnail","6":"product_brand-fisher-price","7":"product_cat-igracke","8":"product_cat-igracke-za-djecu-221","10":"first","11":"instock","12":"shipping-taxable","13":"purchasable","14":"product-type-simple"},"_links":{"self":[{"href":"https:\/\/singuli.wpress.me\/index.php\/wp-json\/wp\/v2\/product\/33014","targetHints":{"allow":["GET"]}}],"collection":[{"href":"https:\/\/singuli.wpress.me\/index.php\/wp-json\/wp\/v2\/product"}],"about":[{"href":"https:\/\/singuli.wpress.me\/index.php\/wp-json\/wp\/v2\/types\/product"}],"version-history":[{"count":0,"href":"https:\/\/singuli.wpress.me\/index.php\/wp-json\/wp\/v2\/product\/33014\/revisions"}],"wp:featuredmedia":[{"embeddable":true,"href":"https:\/\/singuli.wpress.me\/index.php\/wp-json\/wp\/v2\/media\/33015"}],"wp:attachment":[{"href":"https:\/\/singuli.wpress.me\/index.php\/wp-json\/wp\/v2\/media?parent=33014"}],"wp:term":[{"taxonomy":"product_brand","embeddable":true,"href":"https:\/\/singuli.wpress.me\/index.php\/wp-json\/wp\/v2\/product_brand?post=33014"},{"taxonomy":"product_cat","embeddable":true,"href":"https:\/\/singuli.wpress.me\/index.php\/wp-json\/wp\/v2\/product_cat?post=33014"},{"taxonomy":"product_tag","embeddable":true,"href":"https:\/\/singuli.wpress.me\/index.php\/wp-json\/wp\/v2\/product_tag?post=33014"}],"curies":[{"name":"wp","href":"https:\/\/api.w.org\/{rel}","templated":true}]}}