{"id":33026,"date":"2026-04-17T00:50:21","date_gmt":"2026-04-17T00:50:21","guid":{"rendered":"https:\/\/singuli.wpress.me\/index.php\/proizvod\/hot-wheels-action-set-za-igru-super-velika-petlja\/"},"modified":"2026-04-20T12:33:10","modified_gmt":"2026-04-20T12:33:10","slug":"hot-wheels-action-set-za-igru-super-velika-petlja","status":"publish","type":"product","link":"https:\/\/singuli.wpress.me\/index.php\/proizvod\/hot-wheels-action-set-za-igru-super-velika-petlja\/","title":{"rendered":"HOT WHEELS Action, set za igru, super velika petlja"},"content":{"rendered":"<p>Ovaj set je objedinio razli\u010dite na\u010dine igre ispunjene velikim brzinama i nezaboravnim akrobacijama na Hot Wheels stazama koje djeca obo\u017eavaju. <br \/>\nDva su na\u010dina igre: <br \/>\n1. Bumerang koji omogu\u0107uje vi\u0161estruko lansiranje auti\u0107a i utrkivanje<br \/>\n2. Bodovanje u kojem se osvajaju bodovi ska\u010du\u0107i s rampe. <br \/>\nSet se mo\u017ee jednostavno sklopiti za jednostavno spremanje. Ru\u010dka za prijenos omogu\u0107uje djeci da ovaj set ponesu sa sobom kamo god krenuli. <br \/>\n<span style=\"font-weight: bold\">U set je uklju\u010den 1 Hot Wheels auti\u0107<\/span>.<\/p>\n","protected":false},"excerpt":{"rendered":"<p>Uklju\u010den 1 Hot Wheels auti\u0107<br \/>\nDva na\u010dina igre<br \/>\nDob: 4+ god<\/p>\n","protected":false},"featured_media":33027,"template":"","meta":{"_seopress_robots_primary_cat":"","_seopress_titles_title":"","_seopress_titles_desc":"","_seopress_robots_index":"","iawp_total_views":0},"product_brand":[429],"product_cat":[221,291],"product_tag":[],"class_list":{"0":"post-33026","1":"product","2":"type-product","3":"status-publish","4":"has-post-thumbnail","6":"product_brand-hot-wheels","7":"product_cat-igracke","8":"product_cat-igracke-za-djecu-221","10":"first","11":"outofstock","12":"shipping-taxable","13":"purchasable","14":"product-type-simple"},"_links":{"self":[{"href":"https:\/\/singuli.wpress.me\/index.php\/wp-json\/wp\/v2\/product\/33026","targetHints":{"allow":["GET"]}}],"collection":[{"href":"https:\/\/singuli.wpress.me\/index.php\/wp-json\/wp\/v2\/product"}],"about":[{"href":"https:\/\/singuli.wpress.me\/index.php\/wp-json\/wp\/v2\/types\/product"}],"version-history":[{"count":0,"href":"https:\/\/singuli.wpress.me\/index.php\/wp-json\/wp\/v2\/product\/33026\/revisions"}],"wp:featuredmedia":[{"embeddable":true,"href":"https:\/\/singuli.wpress.me\/index.php\/wp-json\/wp\/v2\/media\/33027"}],"wp:attachment":[{"href":"https:\/\/singuli.wpress.me\/index.php\/wp-json\/wp\/v2\/media?parent=33026"}],"wp:term":[{"taxonomy":"product_brand","embeddable":true,"href":"https:\/\/singuli.wpress.me\/index.php\/wp-json\/wp\/v2\/product_brand?post=33026"},{"taxonomy":"product_cat","embeddable":true,"href":"https:\/\/singuli.wpress.me\/index.php\/wp-json\/wp\/v2\/product_cat?post=33026"},{"taxonomy":"product_tag","embeddable":true,"href":"https:\/\/singuli.wpress.me\/index.php\/wp-json\/wp\/v2\/product_tag?post=33026"}],"curies":[{"name":"wp","href":"https:\/\/api.w.org\/{rel}","templated":true}]}}