{"id":33032,"date":"2026-04-17T00:50:27","date_gmt":"2026-04-17T00:50:27","guid":{"rendered":"https:\/\/singuli.wpress.me\/index.php\/proizvod\/batwheels-kamion\/"},"modified":"2026-04-20T12:33:10","modified_gmt":"2026-04-20T12:33:10","slug":"batwheels-kamion","status":"publish","type":"product","link":"https:\/\/singuli.wpress.me\/index.php\/proizvod\/batwheels-kamion\/","title":{"rendered":"BATWHEELS, kamion"},"content":{"rendered":"<p>Fisher-Price predstavlja Batwheels kamion iz istoimenog animiranog crti\u0107a. Batwheels kamion dolazi u setu s jednim metalnim Batwheels auti\u0107em. Na kamion stane \u010dak sedam auti\u0107a. Djeca mogu otvarati bo\u010dne strane i stra\u017enju rampu za uzbudljivu akciju ukrcaja i iskrcaja. Osim toga, poti\u010de ma\u0161tovitu igru i pripovijedanje pri\u010da, idealno za djecu od 3 godine i vi\u0161e. Skupljajte Batwheel auti\u0107e i unesite ih u ovaj kamion za jo\u0161 vi\u0161e zabave!<\/p>\n","protected":false},"excerpt":{"rendered":"<p>Mo\u017ee nositi do 7 auti\u0107a<br \/>\nOtvorene bo\u010dne strane za igru<br \/>\nDob: 3+ god<\/p>\n","protected":false},"featured_media":33033,"template":"","meta":{"_seopress_robots_primary_cat":"","_seopress_titles_title":"","_seopress_titles_desc":"","_seopress_robots_index":"","iawp_total_views":0},"product_brand":[428],"product_cat":[243,273],"product_tag":[],"class_list":{"0":"post-33032","1":"product","2":"type-product","3":"status-publish","4":"has-post-thumbnail","6":"product_brand-batwheels","7":"product_cat-automobili-i-motori","8":"product_cat-njega-vozila-243","10":"first","11":"outofstock","12":"shipping-taxable","13":"purchasable","14":"product-type-simple"},"_links":{"self":[{"href":"https:\/\/singuli.wpress.me\/index.php\/wp-json\/wp\/v2\/product\/33032","targetHints":{"allow":["GET"]}}],"collection":[{"href":"https:\/\/singuli.wpress.me\/index.php\/wp-json\/wp\/v2\/product"}],"about":[{"href":"https:\/\/singuli.wpress.me\/index.php\/wp-json\/wp\/v2\/types\/product"}],"version-history":[{"count":0,"href":"https:\/\/singuli.wpress.me\/index.php\/wp-json\/wp\/v2\/product\/33032\/revisions"}],"wp:featuredmedia":[{"embeddable":true,"href":"https:\/\/singuli.wpress.me\/index.php\/wp-json\/wp\/v2\/media\/33033"}],"wp:attachment":[{"href":"https:\/\/singuli.wpress.me\/index.php\/wp-json\/wp\/v2\/media?parent=33032"}],"wp:term":[{"taxonomy":"product_brand","embeddable":true,"href":"https:\/\/singuli.wpress.me\/index.php\/wp-json\/wp\/v2\/product_brand?post=33032"},{"taxonomy":"product_cat","embeddable":true,"href":"https:\/\/singuli.wpress.me\/index.php\/wp-json\/wp\/v2\/product_cat?post=33032"},{"taxonomy":"product_tag","embeddable":true,"href":"https:\/\/singuli.wpress.me\/index.php\/wp-json\/wp\/v2\/product_tag?post=33032"}],"curies":[{"name":"wp","href":"https:\/\/api.w.org\/{rel}","templated":true}]}}