{"id":33038,"date":"2026-04-17T00:50:31","date_gmt":"2026-04-17T00:50:31","guid":{"rendered":"https:\/\/singuli.wpress.me\/index.php\/proizvod\/hot-wheels-city-kamion-sa-stazom-i-rampom\/"},"modified":"2026-04-20T12:33:10","modified_gmt":"2026-04-20T12:33:10","slug":"hot-wheels-city-kamion-sa-stazom-i-rampom","status":"publish","type":"product","link":"https:\/\/singuli.wpress.me\/index.php\/proizvod\/hot-wheels-city-kamion-sa-stazom-i-rampom\/","title":{"rendered":"HOT WHEELS City, kamion sa stazom i rampom"},"content":{"rendered":"<p>Hot Wheels City teglja\u010d omogu\u0107uje transformacije, akrobacije i mogu\u0107nost povezivanja. Teglja\u010d mo\u017ee nositi 8 vozila u mjerilu 1:64, te dolazi s 1 Hot Wheels auti\u0107em. Mo\u017eete prilagoditi rampu kako biste izveli nezaboravan skok ili je povezati na stazu kako biste istra\u017eili Hot Wheels City. Transformira se iz obi\u010dne prikolice u pokretnu akrobatsku rampu.<\/p>\n","protected":false},"excerpt":{"rendered":"<p>Teglja\u010d omogu\u0107uje transformacije, akrobacije i mogu\u0107nost povezivanja<br \/>\nPretvara se u rampu za akrobacije<br \/>\nDob: 4+ god<\/p>\n","protected":false},"featured_media":33039,"template":"","meta":{"_seopress_robots_primary_cat":"","_seopress_titles_title":"","_seopress_titles_desc":"","_seopress_robots_index":"","iawp_total_views":0},"product_brand":[429],"product_cat":[243,273],"product_tag":[],"class_list":{"0":"post-33038","1":"product","2":"type-product","3":"status-publish","4":"has-post-thumbnail","6":"product_brand-hot-wheels","7":"product_cat-automobili-i-motori","8":"product_cat-njega-vozila-243","10":"first","11":"instock","12":"shipping-taxable","13":"purchasable","14":"product-type-simple"},"_links":{"self":[{"href":"https:\/\/singuli.wpress.me\/index.php\/wp-json\/wp\/v2\/product\/33038","targetHints":{"allow":["GET"]}}],"collection":[{"href":"https:\/\/singuli.wpress.me\/index.php\/wp-json\/wp\/v2\/product"}],"about":[{"href":"https:\/\/singuli.wpress.me\/index.php\/wp-json\/wp\/v2\/types\/product"}],"version-history":[{"count":0,"href":"https:\/\/singuli.wpress.me\/index.php\/wp-json\/wp\/v2\/product\/33038\/revisions"}],"wp:featuredmedia":[{"embeddable":true,"href":"https:\/\/singuli.wpress.me\/index.php\/wp-json\/wp\/v2\/media\/33039"}],"wp:attachment":[{"href":"https:\/\/singuli.wpress.me\/index.php\/wp-json\/wp\/v2\/media?parent=33038"}],"wp:term":[{"taxonomy":"product_brand","embeddable":true,"href":"https:\/\/singuli.wpress.me\/index.php\/wp-json\/wp\/v2\/product_brand?post=33038"},{"taxonomy":"product_cat","embeddable":true,"href":"https:\/\/singuli.wpress.me\/index.php\/wp-json\/wp\/v2\/product_cat?post=33038"},{"taxonomy":"product_tag","embeddable":true,"href":"https:\/\/singuli.wpress.me\/index.php\/wp-json\/wp\/v2\/product_tag?post=33038"}],"curies":[{"name":"wp","href":"https:\/\/api.w.org\/{rel}","templated":true}]}}