{"id":33049,"date":"2026-04-17T00:50:41","date_gmt":"2026-04-17T00:50:41","guid":{"rendered":"https:\/\/singuli.wpress.me\/index.php\/proizvod\/windy-bums-interaktivna-plisana-igracka\/"},"modified":"2026-04-20T12:33:10","modified_gmt":"2026-04-20T12:33:10","slug":"windy-bums-interaktivna-plisana-igracka","status":"publish","type":"product","link":"https:\/\/singuli.wpress.me\/index.php\/proizvod\/windy-bums-interaktivna-plisana-igracka\/","title":{"rendered":"WINDY BUMS, interaktivna pli\u0161ana igra\u010dka"},"content":{"rendered":"<p><span style=\"font-weight: bold\">Windy Bums <\/span>su najsmje\u0161nije pli\u0161ane igra\u010dke koje \u0107e vas oboriti s nogu! <br \/>\nDodirnite ih i gledajte kako urnebesno ska\u010du po podu \u2013 \u010dak do 30 sekundi. Jednostavno ih pritisnite i gledajte kako se urnebesno kre\u0107u po podu, prde\u0107i i smiju\u0107i se. <br \/>\nNjihovo veselo kretanje i zvukovi toliko su zabavni da \u0107e svi u ku\u0107i biti nasmijani. Sa super mekanim punjenjem i \u0161arenim tkaninama, Windy Bums igra\u010dke su savr\u0161ene za ma\u017eenje i igru.<br \/>\nZa djecu od 10 mjeseci nadalje.<\/p>\n","protected":false},"excerpt":{"rendered":"<p>Univerzalna igra\u010dka za razvoj vje\u0161tina i ma\u0161te<br \/>\nRazvoj logi\u010dkog razmi\u0161ljanja i koordinacije<br \/>\nDob: 10mj+<\/p>\n","protected":false},"featured_media":33050,"template":"","meta":{"_seopress_robots_primary_cat":"","_seopress_titles_title":"","_seopress_titles_desc":"","_seopress_robots_index":"","iawp_total_views":0},"product_brand":[535],"product_cat":[221,291],"product_tag":[],"class_list":{"0":"post-33049","1":"product","2":"type-product","3":"status-publish","4":"has-post-thumbnail","6":"product_brand-windy-bums","7":"product_cat-igracke","8":"product_cat-igracke-za-djecu-221","10":"first","11":"instock","12":"shipping-taxable","13":"purchasable","14":"product-type-simple"},"_links":{"self":[{"href":"https:\/\/singuli.wpress.me\/index.php\/wp-json\/wp\/v2\/product\/33049","targetHints":{"allow":["GET"]}}],"collection":[{"href":"https:\/\/singuli.wpress.me\/index.php\/wp-json\/wp\/v2\/product"}],"about":[{"href":"https:\/\/singuli.wpress.me\/index.php\/wp-json\/wp\/v2\/types\/product"}],"version-history":[{"count":0,"href":"https:\/\/singuli.wpress.me\/index.php\/wp-json\/wp\/v2\/product\/33049\/revisions"}],"wp:featuredmedia":[{"embeddable":true,"href":"https:\/\/singuli.wpress.me\/index.php\/wp-json\/wp\/v2\/media\/33050"}],"wp:attachment":[{"href":"https:\/\/singuli.wpress.me\/index.php\/wp-json\/wp\/v2\/media?parent=33049"}],"wp:term":[{"taxonomy":"product_brand","embeddable":true,"href":"https:\/\/singuli.wpress.me\/index.php\/wp-json\/wp\/v2\/product_brand?post=33049"},{"taxonomy":"product_cat","embeddable":true,"href":"https:\/\/singuli.wpress.me\/index.php\/wp-json\/wp\/v2\/product_cat?post=33049"},{"taxonomy":"product_tag","embeddable":true,"href":"https:\/\/singuli.wpress.me\/index.php\/wp-json\/wp\/v2\/product_tag?post=33049"}],"curies":[{"name":"wp","href":"https:\/\/api.w.org\/{rel}","templated":true}]}}