{"id":33055,"date":"2026-04-17T00:50:46","date_gmt":"2026-04-17T00:50:46","guid":{"rendered":"https:\/\/singuli.wpress.me\/index.php\/proizvod\/basic-fun-plisana-igracka-misfittens-merkitties\/"},"modified":"2026-04-20T12:33:10","modified_gmt":"2026-04-20T12:33:10","slug":"basic-fun-plisana-igracka-misfittens-merkitties","status":"publish","type":"product","link":"https:\/\/singuli.wpress.me\/index.php\/proizvod\/basic-fun-plisana-igracka-misfittens-merkitties\/","title":{"rendered":"BASIC FUN, pli\u0161ana igra\u010dka, Misfittens Merkitties"},"content":{"rendered":"<div>Misfittens Merkitties ma\u010dke su stigle!<\/div>\n<div>Ove nevjerojatne ma\u010dke-sirene donose \u010dudesnu zabavu u svaki trenutak! Izvuci ih van i prona\u0111i mekane pli\u0161ane prijatelje koji su stvoreni za igru i ma\u017eenje. Mekani i pli\u0161ani ma\u010di\u0107i mogu se smjestiti u najmanje prostore i uvijek su spremni za igru.<\/div>\n<div>S Merkittiesima, svaki trenutak je pun smijeha i iznena\u0111enja!<\/div>\n<div>Spasi svoju Misfittens Merkitties ma\u010dku iz njenog spremi\u0161ta i gledaj kako naraste duplo!<\/div>\n<div>Ukupno 8 Misfittens vrsta za sakupiti! Svaka ima svoje \u0161are i boje, svaka svoju osobnost!<\/div>\n<div>Dob: 4+<\/div>\n","protected":false},"excerpt":{"rendered":"<p>Pli\u0161ana ma\u010dka-sirena s razli\u010ditim bojama<br \/>\nMogu\u0107nost sakrivanja i rasta duplo<br \/>\nDob: 4+ god<\/p>\n","protected":false},"featured_media":33056,"template":"","meta":{"_seopress_robots_primary_cat":"","_seopress_titles_title":"","_seopress_titles_desc":"","_seopress_robots_index":"","iawp_total_views":0},"product_brand":[537],"product_cat":[221,291],"product_tag":[],"class_list":{"0":"post-33055","1":"product","2":"type-product","3":"status-publish","4":"has-post-thumbnail","6":"product_brand-basic-fun","7":"product_cat-igracke","8":"product_cat-igracke-za-djecu-221","10":"first","11":"instock","12":"shipping-taxable","13":"purchasable","14":"product-type-simple"},"_links":{"self":[{"href":"https:\/\/singuli.wpress.me\/index.php\/wp-json\/wp\/v2\/product\/33055","targetHints":{"allow":["GET"]}}],"collection":[{"href":"https:\/\/singuli.wpress.me\/index.php\/wp-json\/wp\/v2\/product"}],"about":[{"href":"https:\/\/singuli.wpress.me\/index.php\/wp-json\/wp\/v2\/types\/product"}],"version-history":[{"count":0,"href":"https:\/\/singuli.wpress.me\/index.php\/wp-json\/wp\/v2\/product\/33055\/revisions"}],"wp:featuredmedia":[{"embeddable":true,"href":"https:\/\/singuli.wpress.me\/index.php\/wp-json\/wp\/v2\/media\/33056"}],"wp:attachment":[{"href":"https:\/\/singuli.wpress.me\/index.php\/wp-json\/wp\/v2\/media?parent=33055"}],"wp:term":[{"taxonomy":"product_brand","embeddable":true,"href":"https:\/\/singuli.wpress.me\/index.php\/wp-json\/wp\/v2\/product_brand?post=33055"},{"taxonomy":"product_cat","embeddable":true,"href":"https:\/\/singuli.wpress.me\/index.php\/wp-json\/wp\/v2\/product_cat?post=33055"},{"taxonomy":"product_tag","embeddable":true,"href":"https:\/\/singuli.wpress.me\/index.php\/wp-json\/wp\/v2\/product_tag?post=33055"}],"curies":[{"name":"wp","href":"https:\/\/api.w.org\/{rel}","templated":true}]}}