{"id":33061,"date":"2026-04-17T00:50:51","date_gmt":"2026-04-17T00:50:51","guid":{"rendered":"https:\/\/singuli.wpress.me\/index.php\/proizvod\/braun-aio-3400-style-kit-multigroomer\/"},"modified":"2026-04-20T12:33:10","modified_gmt":"2026-04-20T12:33:10","slug":"braun-aio-3400-style-kit-multigroomer","status":"publish","type":"product","link":"https:\/\/singuli.wpress.me\/index.php\/proizvod\/braun-aio-3400-style-kit-multigroomer\/","title":{"rendered":"BRAUN AIO 3400 Style Kit, multigroomer"},"content":{"rendered":"<p><span style=\"font-weight: bold\">3-u-1 svakodnevni set za njegu za mu\u0161karce<\/span>, za \u0161i\u0161anje brade, kose i vi\u0161e, s iznimno o\u0161trim o\u0161tricama, perivim glavama i nastavcima.<br \/>\nNjegujte bradu, lice i kosu pomo\u0107u <span style=\"font-weight: bold\">Braun All-In-One Style Kit Series 3<\/span>. S iznimno o\u0161trim o\u0161tricama, punjiv i trajanjem baterije od 50 minuta bez kabela.<\/p>\n<p><span style=\"font-weight: bold\">Prednosti proizvoda<\/span><br \/>\n<span style=\"font-weight: bold\">Braunov 3-u-1 Style Kit za njegu brade i lica:<\/span> pomno osmi\u0161ljeni komplet za njegu brade, precizno brijanje i \u0161i\u0161anje kod ku\u0107e.<br \/>\n<span style=\"font-weight: bold\">Va\u0161 stil, bez napora:<\/span> iznimno o\u0161tra o\u0161trica je u\u010dinkovita pri svakom potezu, \u010dak i u zahtjevnim podru\u010djima, pru\u017eaju\u0107i odli\u010dne rezultate i ugodnu njegu od brade i lica do kose.<br \/>\n<span style=\"font-weight: bold\">Jednostavno stiliziranje, bez obzira na duljinu:<\/span> izvrsni rezultati uz fiksni \u010de\u0161alj od 1 mm i klizni \u010de\u0161alj za bradu (3 &#8211; 11 mm).<br \/>\n<span style=\"font-weight: bold\">Spremno za upotrebu:<\/span> ovaj set za njegu mu\u0161karaca ima sna\u017enu Ni-MH bateriju s trajanjem od 50 minuta rada bez kabela.<br \/>\n<span style=\"font-weight: bold\">Jednostavno \u010di\u0161\u0107enje:<\/span> ure\u0111aj ima perive glave i \u010de\u0161ljeve te \u010detkicu za \u010di\u0161\u0107enje.<\/p>\n","protected":false},"excerpt":{"rendered":"<p>3-u-1 svakodnevni set za njegu za mu\u0161karce, za \u0161i\u0161anje brade, kose i vi\u0161e<br \/>\nIznimno o\u0161tra o\u0161trica je u\u010dinkovita pri svakom potezu, \u010dak i u zahtjevnim podru\u010djima<br \/>\nUre\u0111aj ima perive glave i \u010de\u0161ljeve te \u010detkicu za \u010di\u0161\u0107enje<\/p>\n","protected":false},"featured_media":33062,"template":"","meta":{"_seopress_robots_primary_cat":"","_seopress_titles_title":"","_seopress_titles_desc":"","_seopress_robots_index":"","iawp_total_views":0},"product_brand":[144],"product_cat":[280,192,279],"product_tag":[],"class_list":{"0":"post-33061","1":"product","2":"type-product","3":"status-publish","4":"has-post-thumbnail","6":"product_brand-braun","7":"product_cat-aparati-za-muskarce-279","8":"product_cat-aparati-za-osobnu-njegu","9":"product_cat-brijanje-i-sisanje-192","11":"first","12":"instock","13":"shipping-taxable","14":"purchasable","15":"product-type-simple"},"_links":{"self":[{"href":"https:\/\/singuli.wpress.me\/index.php\/wp-json\/wp\/v2\/product\/33061","targetHints":{"allow":["GET"]}}],"collection":[{"href":"https:\/\/singuli.wpress.me\/index.php\/wp-json\/wp\/v2\/product"}],"about":[{"href":"https:\/\/singuli.wpress.me\/index.php\/wp-json\/wp\/v2\/types\/product"}],"version-history":[{"count":0,"href":"https:\/\/singuli.wpress.me\/index.php\/wp-json\/wp\/v2\/product\/33061\/revisions"}],"wp:featuredmedia":[{"embeddable":true,"href":"https:\/\/singuli.wpress.me\/index.php\/wp-json\/wp\/v2\/media\/33062"}],"wp:attachment":[{"href":"https:\/\/singuli.wpress.me\/index.php\/wp-json\/wp\/v2\/media?parent=33061"}],"wp:term":[{"taxonomy":"product_brand","embeddable":true,"href":"https:\/\/singuli.wpress.me\/index.php\/wp-json\/wp\/v2\/product_brand?post=33061"},{"taxonomy":"product_cat","embeddable":true,"href":"https:\/\/singuli.wpress.me\/index.php\/wp-json\/wp\/v2\/product_cat?post=33061"},{"taxonomy":"product_tag","embeddable":true,"href":"https:\/\/singuli.wpress.me\/index.php\/wp-json\/wp\/v2\/product_tag?post=33061"}],"curies":[{"name":"wp","href":"https:\/\/api.w.org\/{rel}","templated":true}]}}