{"id":33068,"date":"2026-04-17T01:04:43","date_gmt":"2026-04-17T01:04:43","guid":{"rendered":"https:\/\/singuli.wpress.me\/index.php\/proizvod\/philips-xd3110-09-usisavac-s-vrecicom\/"},"modified":"2026-04-17T01:13:45","modified_gmt":"2026-04-17T01:13:45","slug":"philips-xd3110-09-usisavac-s-vrecicom","status":"publish","type":"product","link":"https:\/\/singuli.wpress.me\/index.php\/proizvod\/philips-xd3110-09-usisavac-s-vrecicom\/","title":{"rendered":"PHILIPS XD3110\/09 USISAVA\u010c S VRE\u0106ICOM"},"content":{"rendered":"","protected":false},"excerpt":{"rendered":"<p>Hvata i zadr\u017eava 99,9 %* pra\u0161ine i alergena<\/p>\n","protected":false},"featured_media":33269,"template":"","meta":{"_seopress_robots_primary_cat":"","_seopress_titles_title":"","_seopress_titles_desc":"","_seopress_robots_index":"","iawp_total_views":0},"product_brand":[539],"product_cat":[160,180,179],"product_tag":[],"class_list":{"0":"post-33068","1":"product","2":"type-product","3":"status-publish","4":"has-post-thumbnail","6":"product_brand-philips-da","7":"product_cat-mali-kucanski-aparati","8":"product_cat-usisavaci-i-oprema","9":"product_cat-usisavanje-i-ciscenje","11":"first","12":"instock","13":"shipping-taxable","14":"purchasable","15":"product-type-simple"},"_links":{"self":[{"href":"https:\/\/singuli.wpress.me\/index.php\/wp-json\/wp\/v2\/product\/33068","targetHints":{"allow":["GET"]}}],"collection":[{"href":"https:\/\/singuli.wpress.me\/index.php\/wp-json\/wp\/v2\/product"}],"about":[{"href":"https:\/\/singuli.wpress.me\/index.php\/wp-json\/wp\/v2\/types\/product"}],"version-history":[{"count":0,"href":"https:\/\/singuli.wpress.me\/index.php\/wp-json\/wp\/v2\/product\/33068\/revisions"}],"wp:featuredmedia":[{"embeddable":true,"href":"https:\/\/singuli.wpress.me\/index.php\/wp-json\/wp\/v2\/media\/33269"}],"wp:attachment":[{"href":"https:\/\/singuli.wpress.me\/index.php\/wp-json\/wp\/v2\/media?parent=33068"}],"wp:term":[{"taxonomy":"product_brand","embeddable":true,"href":"https:\/\/singuli.wpress.me\/index.php\/wp-json\/wp\/v2\/product_brand?post=33068"},{"taxonomy":"product_cat","embeddable":true,"href":"https:\/\/singuli.wpress.me\/index.php\/wp-json\/wp\/v2\/product_cat?post=33068"},{"taxonomy":"product_tag","embeddable":true,"href":"https:\/\/singuli.wpress.me\/index.php\/wp-json\/wp\/v2\/product_tag?post=33068"}],"curies":[{"name":"wp","href":"https:\/\/api.w.org\/{rel}","templated":true}]}}