{"id":33092,"date":"2026-04-17T01:04:48","date_gmt":"2026-04-17T01:04:48","guid":{"rendered":"https:\/\/singuli.wpress.me\/index.php\/proizvod\/philips-hr3745-00-mikser\/"},"modified":"2026-04-17T01:25:25","modified_gmt":"2026-04-17T01:25:25","slug":"philips-hr3745-00-mikser","status":"publish","type":"product","link":"https:\/\/singuli.wpress.me\/index.php\/proizvod\/philips-hr3745-00-mikser\/","title":{"rendered":"PHILIPS HR3745\/00 MIKSER"},"content":{"rendered":"","protected":false},"excerpt":{"rendered":"<p>Sna\u017eno, u\u010dinkovito mije\u0161anje za glatke smjese za kola\u010de<\/p>\n","protected":false},"featured_media":33388,"template":"","meta":{"_seopress_robots_primary_cat":"","_seopress_titles_title":"","_seopress_titles_desc":"","_seopress_robots_index":"","iawp_total_views":0},"product_brand":[539],"product_cat":[161,160,164],"product_tag":[],"class_list":{"0":"post-33092","1":"product","2":"type-product","3":"status-publish","4":"has-post-thumbnail","6":"product_brand-philips-da","7":"product_cat-aparati-za-kuhanje","8":"product_cat-mali-kucanski-aparati","9":"product_cat-mikseri-i-blenderi","11":"first","12":"instock","13":"shipping-taxable","14":"purchasable","15":"product-type-simple"},"_links":{"self":[{"href":"https:\/\/singuli.wpress.me\/index.php\/wp-json\/wp\/v2\/product\/33092","targetHints":{"allow":["GET"]}}],"collection":[{"href":"https:\/\/singuli.wpress.me\/index.php\/wp-json\/wp\/v2\/product"}],"about":[{"href":"https:\/\/singuli.wpress.me\/index.php\/wp-json\/wp\/v2\/types\/product"}],"version-history":[{"count":0,"href":"https:\/\/singuli.wpress.me\/index.php\/wp-json\/wp\/v2\/product\/33092\/revisions"}],"wp:featuredmedia":[{"embeddable":true,"href":"https:\/\/singuli.wpress.me\/index.php\/wp-json\/wp\/v2\/media\/33388"}],"wp:attachment":[{"href":"https:\/\/singuli.wpress.me\/index.php\/wp-json\/wp\/v2\/media?parent=33092"}],"wp:term":[{"taxonomy":"product_brand","embeddable":true,"href":"https:\/\/singuli.wpress.me\/index.php\/wp-json\/wp\/v2\/product_brand?post=33092"},{"taxonomy":"product_cat","embeddable":true,"href":"https:\/\/singuli.wpress.me\/index.php\/wp-json\/wp\/v2\/product_cat?post=33092"},{"taxonomy":"product_tag","embeddable":true,"href":"https:\/\/singuli.wpress.me\/index.php\/wp-json\/wp\/v2\/product_tag?post=33092"}],"curies":[{"name":"wp","href":"https:\/\/api.w.org\/{rel}","templated":true}]}}