{"id":33102,"date":"2026-04-17T01:04:49","date_gmt":"2026-04-17T01:04:49","guid":{"rendered":"https:\/\/singuli.wpress.me\/index.php\/proizvod\/philips-ca6700-91-decalcifikator-tekucina\/"},"modified":"2026-04-17T01:28:18","modified_gmt":"2026-04-17T01:28:18","slug":"philips-ca6700-91-decalcifikator-tekucina","status":"publish","type":"product","link":"https:\/\/singuli.wpress.me\/index.php\/proizvod\/philips-ca6700-91-decalcifikator-tekucina\/","title":{"rendered":"PHILIPS CA6700\/91 DECALCIFIKATOR TEKU\u0106INA"},"content":{"rendered":"","protected":false},"excerpt":{"rendered":"<p>Uklanja kamenac i produ\u017euje radni vijek va\u0161eg ure\u0111aja<\/p>\n","protected":false},"featured_media":33416,"template":"","meta":{"_seopress_robots_primary_cat":"","_seopress_titles_title":"","_seopress_titles_desc":"","_seopress_robots_index":"","iawp_total_views":0},"product_brand":[539],"product_cat":[161,178,160],"product_tag":[],"class_list":{"0":"post-33102","1":"product","2":"type-product","3":"status-publish","4":"has-post-thumbnail","6":"product_brand-philips-da","7":"product_cat-aparati-za-kuhanje","8":"product_cat-dodatna-oprema","9":"product_cat-mali-kucanski-aparati","11":"first","12":"instock","13":"shipping-taxable","14":"purchasable","15":"product-type-simple"},"_links":{"self":[{"href":"https:\/\/singuli.wpress.me\/index.php\/wp-json\/wp\/v2\/product\/33102","targetHints":{"allow":["GET"]}}],"collection":[{"href":"https:\/\/singuli.wpress.me\/index.php\/wp-json\/wp\/v2\/product"}],"about":[{"href":"https:\/\/singuli.wpress.me\/index.php\/wp-json\/wp\/v2\/types\/product"}],"version-history":[{"count":0,"href":"https:\/\/singuli.wpress.me\/index.php\/wp-json\/wp\/v2\/product\/33102\/revisions"}],"wp:featuredmedia":[{"embeddable":true,"href":"https:\/\/singuli.wpress.me\/index.php\/wp-json\/wp\/v2\/media\/33416"}],"wp:attachment":[{"href":"https:\/\/singuli.wpress.me\/index.php\/wp-json\/wp\/v2\/media?parent=33102"}],"wp:term":[{"taxonomy":"product_brand","embeddable":true,"href":"https:\/\/singuli.wpress.me\/index.php\/wp-json\/wp\/v2\/product_brand?post=33102"},{"taxonomy":"product_cat","embeddable":true,"href":"https:\/\/singuli.wpress.me\/index.php\/wp-json\/wp\/v2\/product_cat?post=33102"},{"taxonomy":"product_tag","embeddable":true,"href":"https:\/\/singuli.wpress.me\/index.php\/wp-json\/wp\/v2\/product_tag?post=33102"}],"curies":[{"name":"wp","href":"https:\/\/api.w.org\/{rel}","templated":true}]}}