{"id":33145,"date":"2026-04-17T01:04:59","date_gmt":"2026-04-17T01:04:59","guid":{"rendered":"https:\/\/singuli.wpress.me\/index.php\/proizvod\/philips-ep2331-10-automatski-aparat-za-kavu\/"},"modified":"2026-04-17T01:36:31","modified_gmt":"2026-04-17T01:36:31","slug":"philips-ep2331-10-automatski-aparat-za-kavu","status":"publish","type":"product","link":"https:\/\/singuli.wpress.me\/index.php\/proizvod\/philips-ep2331-10-automatski-aparat-za-kavu\/","title":{"rendered":"PHILIPS EP2331\/10 AUTOMATSKI APARAT ZA KAVU"},"content":{"rendered":"","protected":false},"excerpt":{"rendered":"<p>Najlak\u0161i na\u010din u\u017eivanja u kavi od svje\u017eih zrna kave<\/p>\n","protected":false},"featured_media":33485,"template":"","meta":{"_seopress_robots_primary_cat":"","_seopress_titles_title":"","_seopress_titles_desc":"","_seopress_robots_index":"","iawp_total_views":0},"product_brand":[539],"product_cat":[162,161,160],"product_tag":[],"class_list":{"0":"post-33145","1":"product","2":"type-product","3":"status-publish","4":"has-post-thumbnail","6":"product_brand-philips-da","7":"product_cat-aparati-za-kavu","8":"product_cat-aparati-za-kuhanje","9":"product_cat-mali-kucanski-aparati","11":"first","12":"instock","13":"shipping-taxable","14":"purchasable","15":"product-type-simple"},"_links":{"self":[{"href":"https:\/\/singuli.wpress.me\/index.php\/wp-json\/wp\/v2\/product\/33145","targetHints":{"allow":["GET"]}}],"collection":[{"href":"https:\/\/singuli.wpress.me\/index.php\/wp-json\/wp\/v2\/product"}],"about":[{"href":"https:\/\/singuli.wpress.me\/index.php\/wp-json\/wp\/v2\/types\/product"}],"version-history":[{"count":0,"href":"https:\/\/singuli.wpress.me\/index.php\/wp-json\/wp\/v2\/product\/33145\/revisions"}],"wp:featuredmedia":[{"embeddable":true,"href":"https:\/\/singuli.wpress.me\/index.php\/wp-json\/wp\/v2\/media\/33485"}],"wp:attachment":[{"href":"https:\/\/singuli.wpress.me\/index.php\/wp-json\/wp\/v2\/media?parent=33145"}],"wp:term":[{"taxonomy":"product_brand","embeddable":true,"href":"https:\/\/singuli.wpress.me\/index.php\/wp-json\/wp\/v2\/product_brand?post=33145"},{"taxonomy":"product_cat","embeddable":true,"href":"https:\/\/singuli.wpress.me\/index.php\/wp-json\/wp\/v2\/product_cat?post=33145"},{"taxonomy":"product_tag","embeddable":true,"href":"https:\/\/singuli.wpress.me\/index.php\/wp-json\/wp\/v2\/product_tag?post=33145"}],"curies":[{"name":"wp","href":"https:\/\/api.w.org\/{rel}","templated":true}]}}