{"id":33149,"date":"2026-04-17T01:05:01","date_gmt":"2026-04-17T01:05:01","guid":{"rendered":"https:\/\/singuli.wpress.me\/index.php\/proizvod\/philips-xv1470-00-krpe-za-robotske-usisavace-homerun\/"},"modified":"2026-04-17T01:38:24","modified_gmt":"2026-04-17T01:38:24","slug":"philips-xv1470-00-krpe-za-robotske-usisavace-homerun","status":"publish","type":"product","link":"https:\/\/singuli.wpress.me\/index.php\/proizvod\/philips-xv1470-00-krpe-za-robotske-usisavace-homerun\/","title":{"rendered":"PHILIPS XV1470\/00 KRPE ZA ROBOTSKE USISAVA\u010cE HOMERUN"},"content":{"rendered":"","protected":false},"excerpt":{"rendered":"<p>Uklanja vi\u0161e sitne pra\u0161ine u odnosu na samo usisavanje<\/p>\n","protected":false},"featured_media":33502,"template":"","meta":{"_seopress_robots_primary_cat":"","_seopress_titles_title":"","_seopress_titles_desc":"","_seopress_robots_index":"","iawp_total_views":0},"product_brand":[539],"product_cat":[160,181,179],"product_tag":[],"class_list":{"0":"post-33149","1":"product","2":"type-product","3":"status-publish","4":"has-post-thumbnail","6":"product_brand-philips-da","7":"product_cat-mali-kucanski-aparati","8":"product_cat-robotski-usisavaci-i-oprema","9":"product_cat-usisavanje-i-ciscenje","11":"first","12":"instock","13":"shipping-taxable","14":"purchasable","15":"product-type-simple"},"_links":{"self":[{"href":"https:\/\/singuli.wpress.me\/index.php\/wp-json\/wp\/v2\/product\/33149","targetHints":{"allow":["GET"]}}],"collection":[{"href":"https:\/\/singuli.wpress.me\/index.php\/wp-json\/wp\/v2\/product"}],"about":[{"href":"https:\/\/singuli.wpress.me\/index.php\/wp-json\/wp\/v2\/types\/product"}],"version-history":[{"count":0,"href":"https:\/\/singuli.wpress.me\/index.php\/wp-json\/wp\/v2\/product\/33149\/revisions"}],"wp:featuredmedia":[{"embeddable":true,"href":"https:\/\/singuli.wpress.me\/index.php\/wp-json\/wp\/v2\/media\/33502"}],"wp:attachment":[{"href":"https:\/\/singuli.wpress.me\/index.php\/wp-json\/wp\/v2\/media?parent=33149"}],"wp:term":[{"taxonomy":"product_brand","embeddable":true,"href":"https:\/\/singuli.wpress.me\/index.php\/wp-json\/wp\/v2\/product_brand?post=33149"},{"taxonomy":"product_cat","embeddable":true,"href":"https:\/\/singuli.wpress.me\/index.php\/wp-json\/wp\/v2\/product_cat?post=33149"},{"taxonomy":"product_tag","embeddable":true,"href":"https:\/\/singuli.wpress.me\/index.php\/wp-json\/wp\/v2\/product_tag?post=33149"}],"curies":[{"name":"wp","href":"https:\/\/api.w.org\/{rel}","templated":true}]}}