{"id":33188,"date":"2026-04-17T01:05:12","date_gmt":"2026-04-17T01:05:12","guid":{"rendered":"https:\/\/singuli.wpress.me\/index.php\/proizvod\/philips-xv1210-01-dodatak-za-usisivac\/"},"modified":"2026-04-17T01:48:23","modified_gmt":"2026-04-17T01:48:23","slug":"philips-xv1210-01-dodatak-za-usisivac","status":"publish","type":"product","link":"https:\/\/singuli.wpress.me\/index.php\/proizvod\/philips-xv1210-01-dodatak-za-usisivac\/","title":{"rendered":"PHILIPS XV1210\/01 DODATAK ZA USISIVA\u010c"},"content":{"rendered":"","protected":false},"excerpt":{"rendered":"<p>Zamjenski komplet za usisiva\u010de bez vre\u0107ice iz serije 1000*<\/p>\n","protected":false},"featured_media":33590,"template":"","meta":{"_seopress_robots_primary_cat":"","_seopress_titles_title":"","_seopress_titles_desc":"","_seopress_robots_index":"","iawp_total_views":0},"product_brand":[539],"product_cat":[160,181,179],"product_tag":[],"class_list":{"0":"post-33188","1":"product","2":"type-product","3":"status-publish","4":"has-post-thumbnail","6":"product_brand-philips-da","7":"product_cat-mali-kucanski-aparati","8":"product_cat-robotski-usisavaci-i-oprema","9":"product_cat-usisavanje-i-ciscenje","11":"first","12":"instock","13":"shipping-taxable","14":"purchasable","15":"product-type-simple"},"_links":{"self":[{"href":"https:\/\/singuli.wpress.me\/index.php\/wp-json\/wp\/v2\/product\/33188","targetHints":{"allow":["GET"]}}],"collection":[{"href":"https:\/\/singuli.wpress.me\/index.php\/wp-json\/wp\/v2\/product"}],"about":[{"href":"https:\/\/singuli.wpress.me\/index.php\/wp-json\/wp\/v2\/types\/product"}],"version-history":[{"count":0,"href":"https:\/\/singuli.wpress.me\/index.php\/wp-json\/wp\/v2\/product\/33188\/revisions"}],"wp:featuredmedia":[{"embeddable":true,"href":"https:\/\/singuli.wpress.me\/index.php\/wp-json\/wp\/v2\/media\/33590"}],"wp:attachment":[{"href":"https:\/\/singuli.wpress.me\/index.php\/wp-json\/wp\/v2\/media?parent=33188"}],"wp:term":[{"taxonomy":"product_brand","embeddable":true,"href":"https:\/\/singuli.wpress.me\/index.php\/wp-json\/wp\/v2\/product_brand?post=33188"},{"taxonomy":"product_cat","embeddable":true,"href":"https:\/\/singuli.wpress.me\/index.php\/wp-json\/wp\/v2\/product_cat?post=33188"},{"taxonomy":"product_tag","embeddable":true,"href":"https:\/\/singuli.wpress.me\/index.php\/wp-json\/wp\/v2\/product_tag?post=33188"}],"curies":[{"name":"wp","href":"https:\/\/api.w.org\/{rel}","templated":true}]}}