{"id":33197,"date":"2026-04-17T01:05:13","date_gmt":"2026-04-17T01:05:13","guid":{"rendered":"https:\/\/singuli.wpress.me\/index.php\/proizvod\/philips-ac3420-10-prociscivac-zraka\/"},"modified":"2026-04-17T01:51:24","modified_gmt":"2026-04-17T01:51:24","slug":"philips-ac3420-10-prociscivac-zraka","status":"publish","type":"product","link":"https:\/\/singuli.wpress.me\/index.php\/proizvod\/philips-ac3420-10-prociscivac-zraka\/","title":{"rendered":"PHILIPS AC3420\/10 PRO\u010cI\u0160\u0106IVA\u010c ZRAKA"},"content":{"rendered":"","protected":false},"excerpt":{"rendered":"","protected":false},"featured_media":0,"template":"","meta":{"_seopress_robots_primary_cat":"","_seopress_titles_title":"","_seopress_titles_desc":"","_seopress_robots_index":"","iawp_total_views":0},"product_brand":[539],"product_cat":[28],"product_tag":[],"class_list":{"0":"post-33197","1":"product","2":"type-product","3":"status-publish","5":"product_brand-philips-da","6":"product_cat-ostalo","8":"first","9":"instock","10":"shipping-taxable","11":"purchasable","12":"product-type-simple"},"_links":{"self":[{"href":"https:\/\/singuli.wpress.me\/index.php\/wp-json\/wp\/v2\/product\/33197","targetHints":{"allow":["GET"]}}],"collection":[{"href":"https:\/\/singuli.wpress.me\/index.php\/wp-json\/wp\/v2\/product"}],"about":[{"href":"https:\/\/singuli.wpress.me\/index.php\/wp-json\/wp\/v2\/types\/product"}],"version-history":[{"count":0,"href":"https:\/\/singuli.wpress.me\/index.php\/wp-json\/wp\/v2\/product\/33197\/revisions"}],"wp:attachment":[{"href":"https:\/\/singuli.wpress.me\/index.php\/wp-json\/wp\/v2\/media?parent=33197"}],"wp:term":[{"taxonomy":"product_brand","embeddable":true,"href":"https:\/\/singuli.wpress.me\/index.php\/wp-json\/wp\/v2\/product_brand?post=33197"},{"taxonomy":"product_cat","embeddable":true,"href":"https:\/\/singuli.wpress.me\/index.php\/wp-json\/wp\/v2\/product_cat?post=33197"},{"taxonomy":"product_tag","embeddable":true,"href":"https:\/\/singuli.wpress.me\/index.php\/wp-json\/wp\/v2\/product_tag?post=33197"}],"curies":[{"name":"wp","href":"https:\/\/api.w.org\/{rel}","templated":true}]}}