{"id":33205,"date":"2026-04-17T01:05:15","date_gmt":"2026-04-17T01:05:15","guid":{"rendered":"https:\/\/singuli.wpress.me\/index.php\/proizvod\/philips-fy1700-30-dodatak-za-prociscivac-zraka\/"},"modified":"2026-04-17T01:51:59","modified_gmt":"2026-04-17T01:51:59","slug":"philips-fy1700-30-dodatak-za-prociscivac-zraka","status":"publish","type":"product","link":"https:\/\/singuli.wpress.me\/index.php\/proizvod\/philips-fy1700-30-dodatak-za-prociscivac-zraka\/","title":{"rendered":"PHILIPS FY1700\/30 DODATAK ZA PRO\u010cI\u0160\u010cIVA\u010c ZRAKA"},"content":{"rendered":"","protected":false},"excerpt":{"rendered":"<p>Originalni filtar za pro\u010di\u0161\u0107iva\u010d zraka serije 1000<\/p>\n","protected":false},"featured_media":33627,"template":"","meta":{"_seopress_robots_primary_cat":"","_seopress_titles_title":"","_seopress_titles_desc":"","_seopress_robots_index":"","iawp_total_views":0},"product_brand":[539],"product_cat":[294,238],"product_tag":[],"class_list":{"0":"post-33205","1":"product","2":"type-product","3":"status-publish","4":"has-post-thumbnail","6":"product_brand-philips-da","7":"product_cat-osvjezivaci-zraka-238","8":"product_cat-sve-za-dom","10":"first","11":"instock","12":"shipping-taxable","13":"purchasable","14":"product-type-simple"},"_links":{"self":[{"href":"https:\/\/singuli.wpress.me\/index.php\/wp-json\/wp\/v2\/product\/33205","targetHints":{"allow":["GET"]}}],"collection":[{"href":"https:\/\/singuli.wpress.me\/index.php\/wp-json\/wp\/v2\/product"}],"about":[{"href":"https:\/\/singuli.wpress.me\/index.php\/wp-json\/wp\/v2\/types\/product"}],"version-history":[{"count":0,"href":"https:\/\/singuli.wpress.me\/index.php\/wp-json\/wp\/v2\/product\/33205\/revisions"}],"wp:featuredmedia":[{"embeddable":true,"href":"https:\/\/singuli.wpress.me\/index.php\/wp-json\/wp\/v2\/media\/33627"}],"wp:attachment":[{"href":"https:\/\/singuli.wpress.me\/index.php\/wp-json\/wp\/v2\/media?parent=33205"}],"wp:term":[{"taxonomy":"product_brand","embeddable":true,"href":"https:\/\/singuli.wpress.me\/index.php\/wp-json\/wp\/v2\/product_brand?post=33205"},{"taxonomy":"product_cat","embeddable":true,"href":"https:\/\/singuli.wpress.me\/index.php\/wp-json\/wp\/v2\/product_cat?post=33205"},{"taxonomy":"product_tag","embeddable":true,"href":"https:\/\/singuli.wpress.me\/index.php\/wp-json\/wp\/v2\/product_tag?post=33205"}],"curies":[{"name":"wp","href":"https:\/\/api.w.org\/{rel}","templated":true}]}}