{"id":33709,"date":"2026-04-17T13:37:00","date_gmt":"2026-04-17T13:37:00","guid":{"rendered":"https:\/\/singuli.wpress.me\/index.php\/proizvod\/oral-b-pro-advanced-pasta-za-zube-75m\/"},"modified":"2026-04-21T00:26:39","modified_gmt":"2026-04-21T00:26:39","slug":"oral-b-pro-advanced-pasta-za-zube-75m","status":"publish","type":"product","link":"https:\/\/singuli.wpress.me\/index.php\/proizvod\/oral-b-pro-advanced-pasta-za-zube-75m\/","title":{"rendered":"ORAL-B Pro advanced, pasta za zube, 75m"},"content":{"rendered":"<p>Zubna pasta Oral-B Pro-Expert Advanced Gum Protection stru\u010dno je osmi\u0161ljena i klini\u010dki je dokazano da otklanja probleme u korijenu: spre\u010dava pojavu bakterijskih zubnih naslaga te njihovo talo\u017eenje na zubima i desnima do 24 sata kada perete zube dvaput dnevno.<\/p>\n","protected":false},"excerpt":{"rendered":"<p>Posebno osmi\u0161ljeno i klini\u010dki dokazano<br \/>\nOtklanja probleme u korijenu, spre\u010dava talo\u017eenje zubnih naslaga do 24 sata kada perete zube dvaput dnevno<br \/>\nS tehnologijom Dual Action Cleaning Booster: kompleks kositrenog fluorida + mineral za za\u0161titu od zubnih naslaga<\/p>\n","protected":false},"featured_media":33710,"template":"","meta":{"_seopress_robots_primary_cat":"","_seopress_titles_title":"","_seopress_titles_desc":"","_seopress_robots_index":"","iawp_total_views":0},"product_brand":[423],"product_cat":[268,309,320],"product_tag":[],"class_list":{"0":"post-33709","1":"product","2":"type-product","3":"status-publish","4":"has-post-thumbnail","6":"product_brand-oral-b-2","7":"product_cat-kozmetika-2","8":"product_cat-oralna-higijena-268","9":"product_cat-paste-za-zube-309","11":"first","12":"outofstock","13":"shipping-taxable","14":"purchasable","15":"product-type-simple"},"_links":{"self":[{"href":"https:\/\/singuli.wpress.me\/index.php\/wp-json\/wp\/v2\/product\/33709","targetHints":{"allow":["GET"]}}],"collection":[{"href":"https:\/\/singuli.wpress.me\/index.php\/wp-json\/wp\/v2\/product"}],"about":[{"href":"https:\/\/singuli.wpress.me\/index.php\/wp-json\/wp\/v2\/types\/product"}],"version-history":[{"count":0,"href":"https:\/\/singuli.wpress.me\/index.php\/wp-json\/wp\/v2\/product\/33709\/revisions"}],"wp:featuredmedia":[{"embeddable":true,"href":"https:\/\/singuli.wpress.me\/index.php\/wp-json\/wp\/v2\/media\/33710"}],"wp:attachment":[{"href":"https:\/\/singuli.wpress.me\/index.php\/wp-json\/wp\/v2\/media?parent=33709"}],"wp:term":[{"taxonomy":"product_brand","embeddable":true,"href":"https:\/\/singuli.wpress.me\/index.php\/wp-json\/wp\/v2\/product_brand?post=33709"},{"taxonomy":"product_cat","embeddable":true,"href":"https:\/\/singuli.wpress.me\/index.php\/wp-json\/wp\/v2\/product_cat?post=33709"},{"taxonomy":"product_tag","embeddable":true,"href":"https:\/\/singuli.wpress.me\/index.php\/wp-json\/wp\/v2\/product_tag?post=33709"}],"curies":[{"name":"wp","href":"https:\/\/api.w.org\/{rel}","templated":true}]}}