{"id":33718,"date":"2026-04-17T13:37:03","date_gmt":"2026-04-17T13:37:03","guid":{"rendered":"https:\/\/singuli.wpress.me\/index.php\/proizvod\/basic-fun-plisana-igracka-mirisljavi-cupavci-cotton-candykins\/"},"modified":"2026-04-20T12:33:10","modified_gmt":"2026-04-20T12:33:10","slug":"basic-fun-plisana-igracka-mirisljavi-cupavci-cotton-candykins","status":"publish","type":"product","link":"https:\/\/singuli.wpress.me\/index.php\/proizvod\/basic-fun-plisana-igracka-mirisljavi-cupavci-cotton-candykins\/","title":{"rendered":"BASIC FUN, pli\u0161ana igra\u010dka, miri\u0161ljavi \u010dupavci Cotton CandyKins"},"content":{"rendered":"<div>Cotton CandyKins miri\u0161ljavi \u010dupavci su pli\u0161ane igra\u010dke koje donose \u010daroliju mirisne, pahuljaste \u0161e\u0107erne vate u jedinstvenom pakiranju dizajniranom poput stroja za \u0161e\u0107ernu vatu!<\/div>\n<div>Svaki miri\u0161ljavi \u010dupavac dolazi s \u010de\u0161ljem za kosu, ukosnicama, pramenom za kosu i cipelama, omogu\u0107uju\u0107i vam da kroz igru stilizirate njihove najsla\u0111e frizure i kreirate razli\u010dite izglede. U\u017eivajte u \u0161arenoj zabavi s Cotton CandyKins miri\u0161ljavim \u010dupavcima i stvorite nezaboravne trenutke igre i ma\u0161te!<\/div>\n<div>Dob: 4+<\/div>\n","protected":false},"excerpt":{"rendered":"<p>Mirisna \u0161e\u0107erna vata u obliku pli\u0161anih igra\u010dka<br \/>\nSet za stiliziranje s \u010de\u0161ljem, ukosnicama i cipelama<br \/>\nDob: 4+ god<\/p>\n","protected":false},"featured_media":33719,"template":"","meta":{"_seopress_robots_primary_cat":"","_seopress_titles_title":"","_seopress_titles_desc":"","_seopress_robots_index":"","iawp_total_views":0},"product_brand":[537],"product_cat":[221,291],"product_tag":[],"class_list":{"0":"post-33718","1":"product","2":"type-product","3":"status-publish","4":"has-post-thumbnail","6":"product_brand-basic-fun","7":"product_cat-igracke","8":"product_cat-igracke-za-djecu-221","10":"first","11":"instock","12":"shipping-taxable","13":"purchasable","14":"product-type-simple"},"_links":{"self":[{"href":"https:\/\/singuli.wpress.me\/index.php\/wp-json\/wp\/v2\/product\/33718","targetHints":{"allow":["GET"]}}],"collection":[{"href":"https:\/\/singuli.wpress.me\/index.php\/wp-json\/wp\/v2\/product"}],"about":[{"href":"https:\/\/singuli.wpress.me\/index.php\/wp-json\/wp\/v2\/types\/product"}],"version-history":[{"count":0,"href":"https:\/\/singuli.wpress.me\/index.php\/wp-json\/wp\/v2\/product\/33718\/revisions"}],"wp:featuredmedia":[{"embeddable":true,"href":"https:\/\/singuli.wpress.me\/index.php\/wp-json\/wp\/v2\/media\/33719"}],"wp:attachment":[{"href":"https:\/\/singuli.wpress.me\/index.php\/wp-json\/wp\/v2\/media?parent=33718"}],"wp:term":[{"taxonomy":"product_brand","embeddable":true,"href":"https:\/\/singuli.wpress.me\/index.php\/wp-json\/wp\/v2\/product_brand?post=33718"},{"taxonomy":"product_cat","embeddable":true,"href":"https:\/\/singuli.wpress.me\/index.php\/wp-json\/wp\/v2\/product_cat?post=33718"},{"taxonomy":"product_tag","embeddable":true,"href":"https:\/\/singuli.wpress.me\/index.php\/wp-json\/wp\/v2\/product_tag?post=33718"}],"curies":[{"name":"wp","href":"https:\/\/api.w.org\/{rel}","templated":true}]}}