{"id":33728,"date":"2026-04-17T13:37:05","date_gmt":"2026-04-17T13:37:05","guid":{"rendered":"https:\/\/singuli.wpress.me\/index.php\/proizvod\/barbie-color-reveal-lutka-balerina\/"},"modified":"2026-04-20T12:33:10","modified_gmt":"2026-04-20T12:33:10","slug":"barbie-color-reveal-lutka-balerina","status":"publish","type":"product","link":"https:\/\/singuli.wpress.me\/index.php\/proizvod\/barbie-color-reveal-lutka-balerina\/","title":{"rendered":"BARBIE Color Reveal, lutka, balerina"},"content":{"rendered":"<p>Color Reveal balerine predstavljaju glamuroznu kolekciju Barbie lutaka inspiriranih svijetom baleta. Svaka lutka iz ove serije dolazi s posebnom tehologijom za otkrivanje boje, koja \u0107e otkriti njezinu jedinstvenu boju na poseban na\u010din. Ova serija donosi baletno nadahnute izglede u nje\u017enim nijansama ru\u017ei\u010daste i ljubi\u010daste boje, oboga\u0107ene novim prekrasnim premazom od svijetlo ru\u017ei\u010daste \u010dipke. S Barbie Color Reveal Balerinama djeca \u0107e mo\u0107i stvoriti svoje vlastite baletne predstave i u\u017eivati u svijetu mode i ma\u0161te. Igra\u010dka dolazi u vi\u0161e razli\u010ditih modela, a isporuka ovisi o njihovoj trenutnoj raspolo\u017eivosti. <\/p>\n","protected":false},"excerpt":{"rendered":"<p>Balerina s posebnom tehnologijom za otkrivanje boje, inspirirane baletom<br \/>\nBaletno nadahnuti izgled u nje\u017enim nijansama ru\u017ei\u010daste i ljubi\u010daste boje, oboga\u0107ene novim prekrasnim premazom od svijetlo ru\u017ei\u010daste \u010dipke<br \/>\nDob: 3+ god<\/p>\n","protected":false},"featured_media":33729,"template":"","meta":{"_seopress_robots_primary_cat":"","_seopress_titles_title":"","_seopress_titles_desc":"","_seopress_robots_index":"","iawp_total_views":0},"product_brand":[324],"product_cat":[221,291],"product_tag":[],"class_list":{"0":"post-33728","1":"product","2":"type-product","3":"status-publish","4":"has-post-thumbnail","6":"product_brand-barbie","7":"product_cat-igracke","8":"product_cat-igracke-za-djecu-221","10":"first","11":"instock","12":"shipping-taxable","13":"purchasable","14":"product-type-simple"},"_links":{"self":[{"href":"https:\/\/singuli.wpress.me\/index.php\/wp-json\/wp\/v2\/product\/33728","targetHints":{"allow":["GET"]}}],"collection":[{"href":"https:\/\/singuli.wpress.me\/index.php\/wp-json\/wp\/v2\/product"}],"about":[{"href":"https:\/\/singuli.wpress.me\/index.php\/wp-json\/wp\/v2\/types\/product"}],"version-history":[{"count":0,"href":"https:\/\/singuli.wpress.me\/index.php\/wp-json\/wp\/v2\/product\/33728\/revisions"}],"wp:featuredmedia":[{"embeddable":true,"href":"https:\/\/singuli.wpress.me\/index.php\/wp-json\/wp\/v2\/media\/33729"}],"wp:attachment":[{"href":"https:\/\/singuli.wpress.me\/index.php\/wp-json\/wp\/v2\/media?parent=33728"}],"wp:term":[{"taxonomy":"product_brand","embeddable":true,"href":"https:\/\/singuli.wpress.me\/index.php\/wp-json\/wp\/v2\/product_brand?post=33728"},{"taxonomy":"product_cat","embeddable":true,"href":"https:\/\/singuli.wpress.me\/index.php\/wp-json\/wp\/v2\/product_cat?post=33728"},{"taxonomy":"product_tag","embeddable":true,"href":"https:\/\/singuli.wpress.me\/index.php\/wp-json\/wp\/v2\/product_tag?post=33728"}],"curies":[{"name":"wp","href":"https:\/\/api.w.org\/{rel}","templated":true}]}}