{"id":33736,"date":"2026-04-17T13:37:07","date_gmt":"2026-04-17T13:37:07","guid":{"rendered":"https:\/\/singuli.wpress.me\/index.php\/proizvod\/di-drustvena-igra-pirate-party\/"},"modified":"2026-04-20T12:33:10","modified_gmt":"2026-04-20T12:33:10","slug":"di-drustvena-igra-pirate-party","status":"publish","type":"product","link":"https:\/\/singuli.wpress.me\/index.php\/proizvod\/di-drustvena-igra-pirate-party\/","title":{"rendered":"DI, dru\u0161tvena igra, Pirate Party"},"content":{"rendered":"<p>PIRATE PARTY je uzbudljiva dru\u0161tvena igra za djecu od 3 godine navi\u0161e, gdje igra\u010di ubacuju ma\u010deve u ba\u010dvu i i\u0161\u010dekuju kada \u0107e pirat isko\u010diti. Idealna za obiteljska dru\u017eenja, ova igra razvija motori\u010dke vje\u0161tine i donosi sate smijeha i zabave. <\/p>\n<p>Dob: 3+<\/p>\n","protected":false},"excerpt":{"rendered":"<p>Interaktivna i zabavna igra<br \/>\nIdealna za obiteljska dru\u017eenja, razvija motori\u010dke vje\u0161tine<br \/>\nDob: 3+god<\/p>\n","protected":false},"featured_media":33737,"template":"","meta":{"_seopress_robots_primary_cat":"","_seopress_titles_title":"","_seopress_titles_desc":"","_seopress_robots_index":"","iawp_total_views":0},"product_brand":[332],"product_cat":[290,221],"product_tag":[],"class_list":{"0":"post-33736","1":"product","2":"type-product","3":"status-publish","4":"has-post-thumbnail","6":"product_brand-di","7":"product_cat-drustvene-igre-221","8":"product_cat-igracke","10":"first","11":"outofstock","12":"shipping-taxable","13":"purchasable","14":"product-type-simple"},"_links":{"self":[{"href":"https:\/\/singuli.wpress.me\/index.php\/wp-json\/wp\/v2\/product\/33736","targetHints":{"allow":["GET"]}}],"collection":[{"href":"https:\/\/singuli.wpress.me\/index.php\/wp-json\/wp\/v2\/product"}],"about":[{"href":"https:\/\/singuli.wpress.me\/index.php\/wp-json\/wp\/v2\/types\/product"}],"version-history":[{"count":0,"href":"https:\/\/singuli.wpress.me\/index.php\/wp-json\/wp\/v2\/product\/33736\/revisions"}],"wp:featuredmedia":[{"embeddable":true,"href":"https:\/\/singuli.wpress.me\/index.php\/wp-json\/wp\/v2\/media\/33737"}],"wp:attachment":[{"href":"https:\/\/singuli.wpress.me\/index.php\/wp-json\/wp\/v2\/media?parent=33736"}],"wp:term":[{"taxonomy":"product_brand","embeddable":true,"href":"https:\/\/singuli.wpress.me\/index.php\/wp-json\/wp\/v2\/product_brand?post=33736"},{"taxonomy":"product_cat","embeddable":true,"href":"https:\/\/singuli.wpress.me\/index.php\/wp-json\/wp\/v2\/product_cat?post=33736"},{"taxonomy":"product_tag","embeddable":true,"href":"https:\/\/singuli.wpress.me\/index.php\/wp-json\/wp\/v2\/product_tag?post=33736"}],"curies":[{"name":"wp","href":"https:\/\/api.w.org\/{rel}","templated":true}]}}