{"id":33740,"date":"2026-04-17T13:37:08","date_gmt":"2026-04-17T13:37:08","guid":{"rendered":"https:\/\/singuli.wpress.me\/index.php\/proizvod\/iggy-ziggy-cekic-s-lopticama\/"},"modified":"2026-04-20T12:33:10","modified_gmt":"2026-04-20T12:33:10","slug":"iggy-ziggy-cekic-s-lopticama","status":"publish","type":"product","link":"https:\/\/singuli.wpress.me\/index.php\/proizvod\/iggy-ziggy-cekic-s-lopticama\/","title":{"rendered":"IGGY ZIGGY, \u010deki\u0107 s lopticama"},"content":{"rendered":"<p>Razveselite svoje mali\u0161ane ovom popularnom i zabavnom edukativnom igra\u010dkom! IGGY ZIGGY \u010ceki\u0107 s lopticama savr\u0161en je izbor za poticanje dje\u010dje motorike i razvoja osnovnih vje\u0161tina.<\/p>\n<p>&#8211; Zabavna interaktivna igra: Djeca \u0107e u\u017eivati u udaranju \u0161arenih loptica \u010deki\u0107em, promatraju\u0107i kako se loptice kre\u0107u i kotrljaju.<br \/>\n&#8211; Razvija male ruke i velike vje\u0161tine: Poma\u017ee u razvoju preciznosti, koordinacije oko-ruka i snage, dok mali\u0161ani usavr\u0161avaju svoje motori\u010dke sposobnosti kroz igru.<br \/>\n&#8211; Kvalitetni materijali: Izra\u0111ena od sigurne i izdr\u017eljive plastike, idealna za male ruke.<br \/>\n&#8211; \u0160arenilo koje odu\u0161evljava: Loptice u jarkim bojama poti\u010du dje\u010dju pa\u017enju i kreativnost, dok ih \u010deki\u0107 poziva na istra\u017eivanje i akciju. <\/p>\n<p>Preporu\u010deno za djecu od 12 mjeseci i starije.<\/p>\n","protected":false},"excerpt":{"rendered":"<p>Zabavna interaktivna igra<br \/>\nRazvija male ruke i velike vje\u0161tine<br \/>\nDob: 3+god<\/p>\n","protected":false},"featured_media":33741,"template":"","meta":{"_seopress_robots_primary_cat":"","_seopress_titles_title":"","_seopress_titles_desc":"","_seopress_robots_index":"","iawp_total_views":0},"product_brand":[358],"product_cat":[221,291],"product_tag":[],"class_list":{"0":"post-33740","1":"product","2":"type-product","3":"status-publish","4":"has-post-thumbnail","6":"product_brand-iggy-ziggy","7":"product_cat-igracke","8":"product_cat-igracke-za-djecu-221","10":"first","11":"outofstock","12":"shipping-taxable","13":"purchasable","14":"product-type-simple"},"_links":{"self":[{"href":"https:\/\/singuli.wpress.me\/index.php\/wp-json\/wp\/v2\/product\/33740","targetHints":{"allow":["GET"]}}],"collection":[{"href":"https:\/\/singuli.wpress.me\/index.php\/wp-json\/wp\/v2\/product"}],"about":[{"href":"https:\/\/singuli.wpress.me\/index.php\/wp-json\/wp\/v2\/types\/product"}],"version-history":[{"count":0,"href":"https:\/\/singuli.wpress.me\/index.php\/wp-json\/wp\/v2\/product\/33740\/revisions"}],"wp:featuredmedia":[{"embeddable":true,"href":"https:\/\/singuli.wpress.me\/index.php\/wp-json\/wp\/v2\/media\/33741"}],"wp:attachment":[{"href":"https:\/\/singuli.wpress.me\/index.php\/wp-json\/wp\/v2\/media?parent=33740"}],"wp:term":[{"taxonomy":"product_brand","embeddable":true,"href":"https:\/\/singuli.wpress.me\/index.php\/wp-json\/wp\/v2\/product_brand?post=33740"},{"taxonomy":"product_cat","embeddable":true,"href":"https:\/\/singuli.wpress.me\/index.php\/wp-json\/wp\/v2\/product_cat?post=33740"},{"taxonomy":"product_tag","embeddable":true,"href":"https:\/\/singuli.wpress.me\/index.php\/wp-json\/wp\/v2\/product_tag?post=33740"}],"curies":[{"name":"wp","href":"https:\/\/api.w.org\/{rel}","templated":true}]}}