{"id":33752,"date":"2026-04-17T13:37:15","date_gmt":"2026-04-17T13:37:15","guid":{"rendered":"https:\/\/singuli.wpress.me\/index.php\/proizvod\/silverlit-igracka-robo-kombat-tornado\/"},"modified":"2026-04-20T12:33:10","modified_gmt":"2026-04-20T12:33:10","slug":"silverlit-igracka-robo-kombat-tornado","status":"publish","type":"product","link":"https:\/\/singuli.wpress.me\/index.php\/proizvod\/silverlit-igracka-robo-kombat-tornado\/","title":{"rendered":"SILVERLIT, igra\u010dka, Robo Kombat Tornado"},"content":{"rendered":"<p>Pripremi se za uzbudljivu avanturu s Robo Kombat s Fist 360!<\/p>\n<p>Odaberi svog robota, izazovi protivnika i udaraj sna\u017enim rotiraju\u0107im udarcima lijevo i desno. Kada se upali LED pojas (PowerBelt) i \u010duje\u0161 nevjerojatne zvu\u010dne efekte, vrijeme je za najja\u010di Super Tornado Punch! Ho\u0107e\u0161 li uspjeti skinuti njegovu oklopnu za\u0161titu?<\/p>\n<p>Osnovne zna\u010dajke:<br \/>\nSuper Tornado Fist 360: Isprobaj novu uzbudljivu zna\u010dajku Super Tornado Fist 360 \u2013 pravi tornado u akciji!<br \/>\nLED pojas s indikatorom (PowerBelt): Nakon otprilike 8-10 udaraca, LED indikator na pojasu po\u010dinje bljeskati plavo i crveno, a ti ima\u0161 10 sekundi da aktivira\u0161 Super Tornado Punch 360 s odsko\u010dnim potezom.<br \/>\nOdvojivi oklopi: Dodaju dodatni nivo uzbu\u0111enja! Mo\u017ee\u0161 li skinuti protivnikov oklop i uni\u0161titi njegovog robota?<br \/>\n5 borbenih poteza!<br \/>\nNevjerojatni zvu\u010dni efekti!<br \/>\nIzazovi prijatelje (*maksimalno 4 igra\u010da s 4 razli\u010dita stila robota) ili treniraj s umjetnom inteligencijom (AI) kako bi se pripremio za pravu bitku!<\/p>\n<p>Napomena: Roboti moraju biti postavljeni na razli\u010dite kanale.<\/p>\n<p>Dostupne boje:<br \/>\nPrva kombinacija: Crvena \u2013 Naran\u010dasta<br \/>\nDruga kombinacija: Plava \u2013 Zelena<\/p>\n<p>Dob: 5+<\/p>\n","protected":false},"excerpt":{"rendered":"<p>Nevjerojatni zvu\u010dni efekti<br \/>\n5 borbenih poteza<br \/>\nDob: 5+god<\/p>\n","protected":false},"featured_media":33753,"template":"","meta":{"_seopress_robots_primary_cat":"","_seopress_titles_title":"","_seopress_titles_desc":"","_seopress_robots_index":"","iawp_total_views":0},"product_brand":[744],"product_cat":[221,263],"product_tag":[],"class_list":{"0":"post-33752","1":"product","2":"type-product","3":"status-publish","4":"has-post-thumbnail","6":"product_brand-silverlit","7":"product_cat-igracke","8":"product_cat-tematske-igracke-221","10":"first","11":"instock","12":"shipping-taxable","13":"purchasable","14":"product-type-simple"},"_links":{"self":[{"href":"https:\/\/singuli.wpress.me\/index.php\/wp-json\/wp\/v2\/product\/33752","targetHints":{"allow":["GET"]}}],"collection":[{"href":"https:\/\/singuli.wpress.me\/index.php\/wp-json\/wp\/v2\/product"}],"about":[{"href":"https:\/\/singuli.wpress.me\/index.php\/wp-json\/wp\/v2\/types\/product"}],"version-history":[{"count":0,"href":"https:\/\/singuli.wpress.me\/index.php\/wp-json\/wp\/v2\/product\/33752\/revisions"}],"wp:featuredmedia":[{"embeddable":true,"href":"https:\/\/singuli.wpress.me\/index.php\/wp-json\/wp\/v2\/media\/33753"}],"wp:attachment":[{"href":"https:\/\/singuli.wpress.me\/index.php\/wp-json\/wp\/v2\/media?parent=33752"}],"wp:term":[{"taxonomy":"product_brand","embeddable":true,"href":"https:\/\/singuli.wpress.me\/index.php\/wp-json\/wp\/v2\/product_brand?post=33752"},{"taxonomy":"product_cat","embeddable":true,"href":"https:\/\/singuli.wpress.me\/index.php\/wp-json\/wp\/v2\/product_cat?post=33752"},{"taxonomy":"product_tag","embeddable":true,"href":"https:\/\/singuli.wpress.me\/index.php\/wp-json\/wp\/v2\/product_tag?post=33752"}],"curies":[{"name":"wp","href":"https:\/\/api.w.org\/{rel}","templated":true}]}}