{"id":33764,"date":"2026-04-17T13:37:18","date_gmt":"2026-04-17T13:37:18","guid":{"rendered":"https:\/\/singuli.wpress.me\/index.php\/proizvod\/silverlit-igracka-jazavcar\/"},"modified":"2026-04-20T00:25:08","modified_gmt":"2026-04-20T00:25:08","slug":"silverlit-igracka-jazavcar","status":"publish","type":"product","link":"https:\/\/singuli.wpress.me\/index.php\/proizvod\/silverlit-igracka-jazavcar\/","title":{"rendered":"SILVERLIT, igra\u010dka, jazav\u010dar"},"content":{"rendered":"<p>Predstavljamo Robo jazav\u010dara, energi\u010dnog robotskog psi\u0107a koji vas s veseljem prati gdje god krenete!<br \/>\nKontrola pokretom: Uz gestualnu kontrolu, mo\u017ee vas pratiti i izvoditi trikove na va\u0161 znak.<br \/>\nPravo pse\u0107e pona\u0161anje: laje, dah\u0107e i ma\u0161e repom \u2013 ba\u0161 poput pravog psa!<br \/>\nFantasti\u010dni trikovi: Mahnite rukom lijevo ili desno kako biste potaknuli svog novog prijatelja na nevjerojatne trikove.<br \/>\nIgrajte se s pametnom lopticom: Koristite Smartball kako biste ga potaknuli da vas prati ili se zabavite igrom dono\u0161enja loptice! Produ\u017eivo tijelo koje se mo\u017ee rastegnuti do 26 cm. <\/p>\n<p>Pogodan za djecu od 5 godina i starije.<\/p>\n","protected":false},"excerpt":{"rendered":"<p>Pse\u0107e pona\u0161anje i trikovi s mahanjem repom<br \/>\nEnergi\u010dni robotski psi\u0107 koji s veseljem prati gdje god krenete<br \/>\nDob: 3+god<\/p>\n","protected":false},"featured_media":33765,"template":"","meta":{"_seopress_robots_primary_cat":"","_seopress_titles_title":"","_seopress_titles_desc":"","_seopress_robots_index":"","iawp_total_views":0},"product_brand":[744],"product_cat":[221,263],"product_tag":[],"class_list":{"0":"post-33764","1":"product","2":"type-product","3":"status-publish","4":"has-post-thumbnail","6":"product_brand-silverlit","7":"product_cat-igracke","8":"product_cat-tematske-igracke-221","10":"first","11":"instock","12":"shipping-taxable","13":"purchasable","14":"product-type-simple"},"_links":{"self":[{"href":"https:\/\/singuli.wpress.me\/index.php\/wp-json\/wp\/v2\/product\/33764","targetHints":{"allow":["GET"]}}],"collection":[{"href":"https:\/\/singuli.wpress.me\/index.php\/wp-json\/wp\/v2\/product"}],"about":[{"href":"https:\/\/singuli.wpress.me\/index.php\/wp-json\/wp\/v2\/types\/product"}],"version-history":[{"count":0,"href":"https:\/\/singuli.wpress.me\/index.php\/wp-json\/wp\/v2\/product\/33764\/revisions"}],"wp:featuredmedia":[{"embeddable":true,"href":"https:\/\/singuli.wpress.me\/index.php\/wp-json\/wp\/v2\/media\/33765"}],"wp:attachment":[{"href":"https:\/\/singuli.wpress.me\/index.php\/wp-json\/wp\/v2\/media?parent=33764"}],"wp:term":[{"taxonomy":"product_brand","embeddable":true,"href":"https:\/\/singuli.wpress.me\/index.php\/wp-json\/wp\/v2\/product_brand?post=33764"},{"taxonomy":"product_cat","embeddable":true,"href":"https:\/\/singuli.wpress.me\/index.php\/wp-json\/wp\/v2\/product_cat?post=33764"},{"taxonomy":"product_tag","embeddable":true,"href":"https:\/\/singuli.wpress.me\/index.php\/wp-json\/wp\/v2\/product_tag?post=33764"}],"curies":[{"name":"wp","href":"https:\/\/api.w.org\/{rel}","templated":true}]}}