{"id":33770,"date":"2026-04-17T13:37:20","date_gmt":"2026-04-17T13:37:20","guid":{"rendered":"https:\/\/singuli.wpress.me\/index.php\/proizvod\/silverlit-igracka-psic\/"},"modified":"2026-04-20T12:33:10","modified_gmt":"2026-04-20T12:33:10","slug":"silverlit-igracka-psic","status":"publish","type":"product","link":"https:\/\/singuli.wpress.me\/index.php\/proizvod\/silverlit-igracka-psic\/","title":{"rendered":"SILVERLIT, igra\u010dka, psi\u0107"},"content":{"rendered":"<p>Robo psi\u0107 \u2013 interaktivni robotski ljubimac koji se pokre\u0107e na dodir!<\/p>\n<p>Jednostavno upravljanje: Pritisnite mu glavu prema dolje i zalajat \u0107e dok ide naprijed. Podignite mu glavu, ponovno \u0107e zalajati i krenuti unatrag!<br \/>\nZvu\u010dni i svjetlosni efekti: Ugra\u0111eni zvu\u010dnik za \u017eivahne zvu\u010dne efekte i LED o\u010di koje o\u017eivljavaju igru.<br \/>\nNapomena: Potrebne su 2x AAA baterije koje nisu uklju\u010dene u set.<\/p>\n<p>Zabavite se s Robo psi\u0107em \u2013 va\u0161im novim robotskim prijateljem! <\/p>\n<p>Dob: 3+<\/p>\n","protected":false},"excerpt":{"rendered":"<p>Psi\u0107 s LED o\u010dima i zvu\u010dnim efektima, idealan za najmla\u0111e<br \/>\nInteraktivni robotski ljubimac koji se pokre\u0107e na dodir<br \/>\nDob: 3+god<\/p>\n","protected":false},"featured_media":33771,"template":"","meta":{"_seopress_robots_primary_cat":"","_seopress_titles_title":"","_seopress_titles_desc":"","_seopress_robots_index":"","iawp_total_views":0},"product_brand":[744],"product_cat":[221,263],"product_tag":[],"class_list":{"0":"post-33770","1":"product","2":"type-product","3":"status-publish","4":"has-post-thumbnail","6":"product_brand-silverlit","7":"product_cat-igracke","8":"product_cat-tematske-igracke-221","10":"first","11":"instock","12":"shipping-taxable","13":"purchasable","14":"product-type-simple"},"_links":{"self":[{"href":"https:\/\/singuli.wpress.me\/index.php\/wp-json\/wp\/v2\/product\/33770","targetHints":{"allow":["GET"]}}],"collection":[{"href":"https:\/\/singuli.wpress.me\/index.php\/wp-json\/wp\/v2\/product"}],"about":[{"href":"https:\/\/singuli.wpress.me\/index.php\/wp-json\/wp\/v2\/types\/product"}],"version-history":[{"count":0,"href":"https:\/\/singuli.wpress.me\/index.php\/wp-json\/wp\/v2\/product\/33770\/revisions"}],"wp:featuredmedia":[{"embeddable":true,"href":"https:\/\/singuli.wpress.me\/index.php\/wp-json\/wp\/v2\/media\/33771"}],"wp:attachment":[{"href":"https:\/\/singuli.wpress.me\/index.php\/wp-json\/wp\/v2\/media?parent=33770"}],"wp:term":[{"taxonomy":"product_brand","embeddable":true,"href":"https:\/\/singuli.wpress.me\/index.php\/wp-json\/wp\/v2\/product_brand?post=33770"},{"taxonomy":"product_cat","embeddable":true,"href":"https:\/\/singuli.wpress.me\/index.php\/wp-json\/wp\/v2\/product_cat?post=33770"},{"taxonomy":"product_tag","embeddable":true,"href":"https:\/\/singuli.wpress.me\/index.php\/wp-json\/wp\/v2\/product_tag?post=33770"}],"curies":[{"name":"wp","href":"https:\/\/api.w.org\/{rel}","templated":true}]}}