{"id":33775,"date":"2026-04-17T13:37:21","date_gmt":"2026-04-17T13:37:21","guid":{"rendered":"https:\/\/singuli.wpress.me\/index.php\/proizvod\/silverlit-automobil-na-daljinsko-upravljanje-exost-land-buster\/"},"modified":"2026-04-20T12:33:10","modified_gmt":"2026-04-20T12:33:10","slug":"silverlit-automobil-na-daljinsko-upravljanje-exost-land-buster","status":"publish","type":"product","link":"https:\/\/singuli.wpress.me\/index.php\/proizvod\/silverlit-automobil-na-daljinsko-upravljanje-exost-land-buster\/","title":{"rendered":"SILVERLIT, automobil na daljinsko upravljanje, Exost Land Buster"},"content":{"rendered":"<p>LAND BUSTER je veliki RC automobil s 2,4 GHz potpunom kontrolom. Opremljen EPP gumama i obru\u010dem s ovjesom otpornim na udarce, mo\u017ee izvoditi vratolomije s okretanjem i vertikalna kretanja uz maksimalno ubla\u017eavanje udara. Uklju\u010dena je punjiva baterija.<\/p>\n","protected":false},"excerpt":{"rendered":"<p>Punjiva baterija i napredni ovjes za igranje na svim terenima<br \/>\nDob: 5+god<\/p>\n","protected":false},"featured_media":33776,"template":"","meta":{"_seopress_robots_primary_cat":"","_seopress_titles_title":"","_seopress_titles_desc":"","_seopress_robots_index":"","iawp_total_views":0},"product_brand":[744],"product_cat":[243,273],"product_tag":[],"class_list":{"0":"post-33775","1":"product","2":"type-product","3":"status-publish","4":"has-post-thumbnail","6":"product_brand-silverlit","7":"product_cat-automobili-i-motori","8":"product_cat-njega-vozila-243","10":"first","11":"instock","12":"shipping-taxable","13":"purchasable","14":"product-type-simple"},"_links":{"self":[{"href":"https:\/\/singuli.wpress.me\/index.php\/wp-json\/wp\/v2\/product\/33775","targetHints":{"allow":["GET"]}}],"collection":[{"href":"https:\/\/singuli.wpress.me\/index.php\/wp-json\/wp\/v2\/product"}],"about":[{"href":"https:\/\/singuli.wpress.me\/index.php\/wp-json\/wp\/v2\/types\/product"}],"version-history":[{"count":0,"href":"https:\/\/singuli.wpress.me\/index.php\/wp-json\/wp\/v2\/product\/33775\/revisions"}],"wp:featuredmedia":[{"embeddable":true,"href":"https:\/\/singuli.wpress.me\/index.php\/wp-json\/wp\/v2\/media\/33776"}],"wp:attachment":[{"href":"https:\/\/singuli.wpress.me\/index.php\/wp-json\/wp\/v2\/media?parent=33775"}],"wp:term":[{"taxonomy":"product_brand","embeddable":true,"href":"https:\/\/singuli.wpress.me\/index.php\/wp-json\/wp\/v2\/product_brand?post=33775"},{"taxonomy":"product_cat","embeddable":true,"href":"https:\/\/singuli.wpress.me\/index.php\/wp-json\/wp\/v2\/product_cat?post=33775"},{"taxonomy":"product_tag","embeddable":true,"href":"https:\/\/singuli.wpress.me\/index.php\/wp-json\/wp\/v2\/product_tag?post=33775"}],"curies":[{"name":"wp","href":"https:\/\/api.w.org\/{rel}","templated":true}]}}