{"id":33780,"date":"2026-04-17T13:37:23","date_gmt":"2026-04-17T13:37:23","guid":{"rendered":"https:\/\/singuli.wpress.me\/index.php\/proizvod\/disney-mickey-xl-plisana-igracka\/"},"modified":"2026-04-20T12:33:10","modified_gmt":"2026-04-20T12:33:10","slug":"disney-mickey-xl-plisana-igracka","status":"publish","type":"product","link":"https:\/\/singuli.wpress.me\/index.php\/proizvod\/disney-mickey-xl-plisana-igracka\/","title":{"rendered":"DISNEY Mickey XL, pli\u0161ana igra\u010dka"},"content":{"rendered":"<p>\n    DISNEY Pli\u0161ana igra\u010dka Super Veliki Mickey Mouse (60 cm)<\/p>\n<p>\n    Novi predivni Disney pli\u0161 \u2013 mekan i neodoljiv za sve generacije!<\/p>\n<p>\n    Ovaj Super veliki Mickey pli\u0161anac impresivne je veli\u010dine 60 cm. Izra\u0111en je od najkvalitetnijih materijala i savr\u0161en je za ma\u017eenje. Zbog svojih materijala i dizajna, prikladan je za djecu od najranije dobi.<\/p>\n","protected":false},"excerpt":{"rendered":"<p>Super velika veli\u010dina: 60 cm<br \/>\nIzra\u0111en od najkvalitetnijih materijala<br \/>\nPrikladan za dob 0+ i sve generacije<\/p>\n","protected":false},"featured_media":33781,"template":"","meta":{"_seopress_robots_primary_cat":"","_seopress_titles_title":"","_seopress_titles_desc":"","_seopress_robots_index":"","iawp_total_views":0},"product_brand":[522],"product_cat":[221,291],"product_tag":[],"class_list":{"0":"post-33780","1":"product","2":"type-product","3":"status-publish","4":"has-post-thumbnail","6":"product_brand-disney","7":"product_cat-igracke","8":"product_cat-igracke-za-djecu-221","10":"first","11":"instock","12":"shipping-taxable","13":"purchasable","14":"product-type-simple"},"_links":{"self":[{"href":"https:\/\/singuli.wpress.me\/index.php\/wp-json\/wp\/v2\/product\/33780","targetHints":{"allow":["GET"]}}],"collection":[{"href":"https:\/\/singuli.wpress.me\/index.php\/wp-json\/wp\/v2\/product"}],"about":[{"href":"https:\/\/singuli.wpress.me\/index.php\/wp-json\/wp\/v2\/types\/product"}],"version-history":[{"count":0,"href":"https:\/\/singuli.wpress.me\/index.php\/wp-json\/wp\/v2\/product\/33780\/revisions"}],"wp:featuredmedia":[{"embeddable":true,"href":"https:\/\/singuli.wpress.me\/index.php\/wp-json\/wp\/v2\/media\/33781"}],"wp:attachment":[{"href":"https:\/\/singuli.wpress.me\/index.php\/wp-json\/wp\/v2\/media?parent=33780"}],"wp:term":[{"taxonomy":"product_brand","embeddable":true,"href":"https:\/\/singuli.wpress.me\/index.php\/wp-json\/wp\/v2\/product_brand?post=33780"},{"taxonomy":"product_cat","embeddable":true,"href":"https:\/\/singuli.wpress.me\/index.php\/wp-json\/wp\/v2\/product_cat?post=33780"},{"taxonomy":"product_tag","embeddable":true,"href":"https:\/\/singuli.wpress.me\/index.php\/wp-json\/wp\/v2\/product_tag?post=33780"}],"curies":[{"name":"wp","href":"https:\/\/api.w.org\/{rel}","templated":true}]}}