{"id":33786,"date":"2026-04-17T13:37:24","date_gmt":"2026-04-17T13:37:24","guid":{"rendered":"https:\/\/singuli.wpress.me\/index.php\/proizvod\/disney-minnie-xl-plisana-igracka\/"},"modified":"2026-04-20T12:33:10","modified_gmt":"2026-04-20T12:33:10","slug":"disney-minnie-xl-plisana-igracka","status":"publish","type":"product","link":"https:\/\/singuli.wpress.me\/index.php\/proizvod\/disney-minnie-xl-plisana-igracka\/","title":{"rendered":"DISNEY Minnie XL, pli\u0161ana igra\u010dka"},"content":{"rendered":"<p>\n    DISNEY Pli\u0161ana igra\u010dka Super Velika Minnie Mouse (60 cm)<\/p>\n<p>\n    Nova predivna Disney pli\u0161anka \u2013 mekana i neodoljiva za sve generacije!<\/p>\n<p>\n    Ova Super velika Minnie pli\u0161ana igra\u010dka impresivne je veli\u010dine 60 cm. Dolazi u roza haljini, izra\u0111ena je od najkvalitetnijih materijala i savr\u0161ena je za ma\u017eenje. Zbog svojih materijala i dizajna, prikladna je za mali\u0161ane od najranije dobi.<\/p>\n","protected":false},"excerpt":{"rendered":"<p>Super velika veli\u010dina: 60 cm<br \/>\nIzra\u0111ena od najkvalitetnijih materijala i dolazi u roza haljini<br \/>\nPrikladna za dob 0+ i sve generacije<\/p>\n","protected":false},"featured_media":33787,"template":"","meta":{"_seopress_robots_primary_cat":"","_seopress_titles_title":"","_seopress_titles_desc":"","_seopress_robots_index":"","iawp_total_views":0},"product_brand":[522],"product_cat":[221,291],"product_tag":[],"class_list":{"0":"post-33786","1":"product","2":"type-product","3":"status-publish","4":"has-post-thumbnail","6":"product_brand-disney","7":"product_cat-igracke","8":"product_cat-igracke-za-djecu-221","10":"first","11":"instock","12":"shipping-taxable","13":"purchasable","14":"product-type-simple"},"_links":{"self":[{"href":"https:\/\/singuli.wpress.me\/index.php\/wp-json\/wp\/v2\/product\/33786","targetHints":{"allow":["GET"]}}],"collection":[{"href":"https:\/\/singuli.wpress.me\/index.php\/wp-json\/wp\/v2\/product"}],"about":[{"href":"https:\/\/singuli.wpress.me\/index.php\/wp-json\/wp\/v2\/types\/product"}],"version-history":[{"count":0,"href":"https:\/\/singuli.wpress.me\/index.php\/wp-json\/wp\/v2\/product\/33786\/revisions"}],"wp:featuredmedia":[{"embeddable":true,"href":"https:\/\/singuli.wpress.me\/index.php\/wp-json\/wp\/v2\/media\/33787"}],"wp:attachment":[{"href":"https:\/\/singuli.wpress.me\/index.php\/wp-json\/wp\/v2\/media?parent=33786"}],"wp:term":[{"taxonomy":"product_brand","embeddable":true,"href":"https:\/\/singuli.wpress.me\/index.php\/wp-json\/wp\/v2\/product_brand?post=33786"},{"taxonomy":"product_cat","embeddable":true,"href":"https:\/\/singuli.wpress.me\/index.php\/wp-json\/wp\/v2\/product_cat?post=33786"},{"taxonomy":"product_tag","embeddable":true,"href":"https:\/\/singuli.wpress.me\/index.php\/wp-json\/wp\/v2\/product_tag?post=33786"}],"curies":[{"name":"wp","href":"https:\/\/api.w.org\/{rel}","templated":true}]}}