{"id":33792,"date":"2026-04-17T13:37:26","date_gmt":"2026-04-17T13:37:26","guid":{"rendered":"https:\/\/singuli.wpress.me\/index.php\/proizvod\/di-drustvena-igra-games2go\/"},"modified":"2026-04-21T00:26:39","modified_gmt":"2026-04-21T00:26:39","slug":"di-drustvena-igra-games2go","status":"publish","type":"product","link":"https:\/\/singuli.wpress.me\/index.php\/proizvod\/di-drustvena-igra-games2go\/","title":{"rendered":"DI, dru\u0161tvena igra, Games2Go"},"content":{"rendered":"<p>Va\u0161e omiljene igre za putovanje, savr\u0161ene za zabavu bilo gdje!<br \/>\n\u0160ah i dama: Istra\u017eite dubine strategije s klasi\u010dnim \u0161ahom i damom \u2013 igre koje nikada ne gube na popularnosti!<br \/>\n4 u nizu: Izazovite svoje prijatelje i poku\u0161ajte biti prvi koji \u0107e slo\u017eiti \u010detiri iste boje u nizu!<br \/>\nPop Up (\u010covje\u010de, ne ljuti se!): Klasi\u010dna igra sre\u0107e i taktike \u2013 ho\u0107ete li biti prvi koji \u0107e dovesti sve svoje figure do cilja?<br \/>\nIgra dolazi u vi\u0161e razli\u010ditih varijanti, a isporuka ovisi o trenutnoj raspolo\u017eivosti modela.<\/p>\n<p>Dob: 4+ <\/p>\n","protected":false},"excerpt":{"rendered":"<p>Prakti\u010dne za putovanja, uz strategiju i zabavu za sve uzraste<br \/>\nIgra dolazi u vi\u0161e razli\u010ditih varijanti<br \/>\nDob: 4+god<\/p>\n","protected":false},"featured_media":33793,"template":"","meta":{"_seopress_robots_primary_cat":"","_seopress_titles_title":"","_seopress_titles_desc":"","_seopress_robots_index":"","iawp_total_views":0},"product_brand":[332],"product_cat":[290,221],"product_tag":[],"class_list":{"0":"post-33792","1":"product","2":"type-product","3":"status-publish","4":"has-post-thumbnail","6":"product_brand-di","7":"product_cat-drustvene-igre-221","8":"product_cat-igracke","10":"first","11":"instock","12":"shipping-taxable","13":"purchasable","14":"product-type-simple"},"_links":{"self":[{"href":"https:\/\/singuli.wpress.me\/index.php\/wp-json\/wp\/v2\/product\/33792","targetHints":{"allow":["GET"]}}],"collection":[{"href":"https:\/\/singuli.wpress.me\/index.php\/wp-json\/wp\/v2\/product"}],"about":[{"href":"https:\/\/singuli.wpress.me\/index.php\/wp-json\/wp\/v2\/types\/product"}],"version-history":[{"count":0,"href":"https:\/\/singuli.wpress.me\/index.php\/wp-json\/wp\/v2\/product\/33792\/revisions"}],"wp:featuredmedia":[{"embeddable":true,"href":"https:\/\/singuli.wpress.me\/index.php\/wp-json\/wp\/v2\/media\/33793"}],"wp:attachment":[{"href":"https:\/\/singuli.wpress.me\/index.php\/wp-json\/wp\/v2\/media?parent=33792"}],"wp:term":[{"taxonomy":"product_brand","embeddable":true,"href":"https:\/\/singuli.wpress.me\/index.php\/wp-json\/wp\/v2\/product_brand?post=33792"},{"taxonomy":"product_cat","embeddable":true,"href":"https:\/\/singuli.wpress.me\/index.php\/wp-json\/wp\/v2\/product_cat?post=33792"},{"taxonomy":"product_tag","embeddable":true,"href":"https:\/\/singuli.wpress.me\/index.php\/wp-json\/wp\/v2\/product_tag?post=33792"}],"curies":[{"name":"wp","href":"https:\/\/api.w.org\/{rel}","templated":true}]}}