{"id":33797,"date":"2026-04-17T13:37:27","date_gmt":"2026-04-17T13:37:27","guid":{"rendered":"https:\/\/singuli.wpress.me\/index.php\/proizvod\/disney-plisana-igracka-mufasa-25-cm\/"},"modified":"2026-04-20T12:33:10","modified_gmt":"2026-04-20T12:33:10","slug":"disney-plisana-igracka-mufasa-25-cm","status":"publish","type":"product","link":"https:\/\/singuli.wpress.me\/index.php\/proizvod\/disney-plisana-igracka-mufasa-25-cm\/","title":{"rendered":"DISNEY, pli\u0161ana igra\u010dka, Mufasa, 25\u00a0cm"},"content":{"rendered":"<p>Ponos kolekcije pl\u0161anih igra\u010daka va\u0161eg mali\u0161ana, veliki Mufasa iz Kralja lavova! Super mekan &#8211; odu\u0161evit \u0107e svakoga. Ova pli\u0161ana figura popularnog Disney lika savr\u0161en je dodatak svakoj kolekciji! Izra\u0111ena je od visokokvalitetnih materijala, s vjernim prikazom lika koji odu\u0161evljava detaljima. Mufasa je visok 25 cm, idealne veli\u010dine za igru.<\/p>\n","protected":false},"excerpt":{"rendered":"<p>Super mekana igra\u010dka, s vjernim prikazom lika koji odu\u0161evljava detaljima<br \/>\nVeli\u010dina igra\u010dke 25cm<br \/>\nDob: 1+god<\/p>\n","protected":false},"featured_media":33798,"template":"","meta":{"_seopress_robots_primary_cat":"","_seopress_titles_title":"","_seopress_titles_desc":"","_seopress_robots_index":"","iawp_total_views":0},"product_brand":[522],"product_cat":[221,291],"product_tag":[],"class_list":{"0":"post-33797","1":"product","2":"type-product","3":"status-publish","4":"has-post-thumbnail","6":"product_brand-disney","7":"product_cat-igracke","8":"product_cat-igracke-za-djecu-221","10":"first","11":"instock","12":"shipping-taxable","13":"purchasable","14":"product-type-simple"},"_links":{"self":[{"href":"https:\/\/singuli.wpress.me\/index.php\/wp-json\/wp\/v2\/product\/33797","targetHints":{"allow":["GET"]}}],"collection":[{"href":"https:\/\/singuli.wpress.me\/index.php\/wp-json\/wp\/v2\/product"}],"about":[{"href":"https:\/\/singuli.wpress.me\/index.php\/wp-json\/wp\/v2\/types\/product"}],"version-history":[{"count":0,"href":"https:\/\/singuli.wpress.me\/index.php\/wp-json\/wp\/v2\/product\/33797\/revisions"}],"wp:featuredmedia":[{"embeddable":true,"href":"https:\/\/singuli.wpress.me\/index.php\/wp-json\/wp\/v2\/media\/33798"}],"wp:attachment":[{"href":"https:\/\/singuli.wpress.me\/index.php\/wp-json\/wp\/v2\/media?parent=33797"}],"wp:term":[{"taxonomy":"product_brand","embeddable":true,"href":"https:\/\/singuli.wpress.me\/index.php\/wp-json\/wp\/v2\/product_brand?post=33797"},{"taxonomy":"product_cat","embeddable":true,"href":"https:\/\/singuli.wpress.me\/index.php\/wp-json\/wp\/v2\/product_cat?post=33797"},{"taxonomy":"product_tag","embeddable":true,"href":"https:\/\/singuli.wpress.me\/index.php\/wp-json\/wp\/v2\/product_tag?post=33797"}],"curies":[{"name":"wp","href":"https:\/\/api.w.org\/{rel}","templated":true}]}}