{"id":33801,"date":"2026-04-17T13:37:28","date_gmt":"2026-04-17T13:37:28","guid":{"rendered":"https:\/\/singuli.wpress.me\/index.php\/proizvod\/disney-plisana-igracka-pumba-25-cm\/"},"modified":"2026-04-20T12:33:10","modified_gmt":"2026-04-20T12:33:10","slug":"disney-plisana-igracka-pumba-25-cm","status":"publish","type":"product","link":"https:\/\/singuli.wpress.me\/index.php\/proizvod\/disney-plisana-igracka-pumba-25-cm\/","title":{"rendered":"DISNEY, pli\u0161ana igra\u010dka, Pumba, 25\u00a0cm"},"content":{"rendered":"<p>Pumba, omiljeni lik iz Disneyjevog klasika Kralj lavova, sada dolazi u obliku prekrasne pli\u0161ane igra\u010dke!<br \/>\nOva visokokvalitetna figura visoka je 25 cm i vjerno prikazuje simpati\u010dnog i bezbri\u017enog Pumbu, poznatog po svom humoru i prijateljstvu. Izra\u0111ena od mekih i ugodnih materijala, savr\u0161ena je za igru ili ma\u017eenje.<\/p>\n","protected":false},"excerpt":{"rendered":"<p>Super mekana igra\u010dka, s vjernim prikazom lika koji odu\u0161evljava detaljima<br \/>\nVeli\u010dina igra\u010dke 25cm<br \/>\nDob: 1+god<\/p>\n","protected":false},"featured_media":33802,"template":"","meta":{"_seopress_robots_primary_cat":"","_seopress_titles_title":"","_seopress_titles_desc":"","_seopress_robots_index":"","iawp_total_views":0},"product_brand":[522],"product_cat":[221,291],"product_tag":[],"class_list":{"0":"post-33801","1":"product","2":"type-product","3":"status-publish","4":"has-post-thumbnail","6":"product_brand-disney","7":"product_cat-igracke","8":"product_cat-igracke-za-djecu-221","10":"first","11":"instock","12":"shipping-taxable","13":"purchasable","14":"product-type-simple"},"_links":{"self":[{"href":"https:\/\/singuli.wpress.me\/index.php\/wp-json\/wp\/v2\/product\/33801","targetHints":{"allow":["GET"]}}],"collection":[{"href":"https:\/\/singuli.wpress.me\/index.php\/wp-json\/wp\/v2\/product"}],"about":[{"href":"https:\/\/singuli.wpress.me\/index.php\/wp-json\/wp\/v2\/types\/product"}],"version-history":[{"count":0,"href":"https:\/\/singuli.wpress.me\/index.php\/wp-json\/wp\/v2\/product\/33801\/revisions"}],"wp:featuredmedia":[{"embeddable":true,"href":"https:\/\/singuli.wpress.me\/index.php\/wp-json\/wp\/v2\/media\/33802"}],"wp:attachment":[{"href":"https:\/\/singuli.wpress.me\/index.php\/wp-json\/wp\/v2\/media?parent=33801"}],"wp:term":[{"taxonomy":"product_brand","embeddable":true,"href":"https:\/\/singuli.wpress.me\/index.php\/wp-json\/wp\/v2\/product_brand?post=33801"},{"taxonomy":"product_cat","embeddable":true,"href":"https:\/\/singuli.wpress.me\/index.php\/wp-json\/wp\/v2\/product_cat?post=33801"},{"taxonomy":"product_tag","embeddable":true,"href":"https:\/\/singuli.wpress.me\/index.php\/wp-json\/wp\/v2\/product_tag?post=33801"}],"curies":[{"name":"wp","href":"https:\/\/api.w.org\/{rel}","templated":true}]}}